{"id":5704,"date":"2026-03-15T22:21:08","date_gmt":"2026-03-15T22:21:08","guid":{"rendered":"https:\/\/sub.alfasoft.rs\/?page_id=5704"},"modified":"2026-03-20T08:54:31","modified_gmt":"2026-03-20T08:54:31","slug":"%d0%bb%d0%b8%d0%bd%d0%ba%d0%be%d0%b2%d0%b8","status":"publish","type":"page","link":"http:\/\/suboticagas.co.rs\/hun\/%d0%bb%d0%b8%d0%bd%d0%ba%d0%be%d0%b2%d0%b8\/","title":{"rendered":"Linkek"},"content":{"rendered":"<div data-elementor-type=\"wp-post\" data-elementor-id=\"5704\" class=\"elementor elementor-5704\">\n\t\t\t\t<div class=\"elementor-element elementor-element-5f02ddf e-flex e-con-boxed e-con e-parent\" data-id=\"5f02ddf\" data-element_type=\"container\" data-e-type=\"container\" data-settings=\"{&quot;background_background&quot;:&quot;classic&quot;}\">\n\t\t\t\t\t<div class=\"e-con-inner\">\n\t\t<div class=\"elementor-element elementor-element-0502d81 e-con-full e-flex e-con e-child\" data-id=\"0502d81\" data-element_type=\"container\" data-e-type=\"container\">\n\t\t\t\t<div class=\"elementor-element elementor-element-03d202b elementor-widget elementor-widget-heading\" data-id=\"03d202b\" data-element_type=\"widget\" data-e-type=\"widget\" data-widget_type=\"heading.default\">\n\t\t\t\t<div class=\"elementor-widget-container\">\n\t\t\t\t\t<h1 class=\"elementor-heading-title elementor-size-default\">Linkek<\/h1>\t\t\t\t<\/div>\n\t\t\t\t<\/div>\n\t\t\t\t<\/div>\n\t\t\t\t\t<\/div>\n\t\t\t\t<\/div>\n\t\t<div class=\"elementor-element elementor-element-5c53b9e e-grid e-con-boxed e-con e-parent\" data-id=\"5c53b9e\" data-element_type=\"container\" data-e-type=\"container\">\n\t\t\t\t\t<div class=\"e-con-inner\">\n\t\t<div class=\"elementor-element elementor-element-b8d4f93 e-con-full e-flex e-con e-child\" data-id=\"b8d4f93\" data-element_type=\"container\" data-e-type=\"container\">\n\t\t\t\t<div class=\"elementor-element elementor-element-1094744 elementor-widget elementor-widget-image\" data-id=\"1094744\" data-element_type=\"widget\" data-e-type=\"widget\" data-widget_type=\"image.default\">\n\t\t\t\t<div class=\"elementor-widget-container\">\n\t\t\t\t\t\t\t\t\t\t\t\t<figure class=\"wp-caption\">\n\t\t\t\t\t\t\t\t\t\t\t<a href=\"https:\/\/subotica.ls.gov.rs\/\">\n\t\t\t\t\t\t\t<img fetchpriority=\"high\" decoding=\"async\" width=\"300\" height=\"227\" src=\"https:\/\/suboticagas.co.rs\/wp-content\/uploads\/2026\/03\/GradSubotica.jpg\" class=\"attachment-large size-large wp-image-5706\" alt=\"gradsubotica\" title=\"Linkek\">\t\t\t\t\t\t\t\t<\/a>\n\t\t\t\t\t\t\t\t\t\t\t<figcaption class=\"widget-image-caption wp-caption-text\">Szabadka v\u00e1rosa<\/figcaption>\n\t\t\t\t\t\t\t\t\t\t<\/figure>\n\t\t\t\t\t\t\t\t\t<\/div>\n\t\t\t\t<\/div>\n\t\t\t\t<\/div>\n\t\t<div class=\"elementor-element elementor-element-6b82700 e-con-full e-flex e-con e-child\" data-id=\"6b82700\" data-element_type=\"container\" data-e-type=\"container\">\n\t\t\t\t<div class=\"elementor-element elementor-element-9a263cb elementor-widget elementor-widget-image\" data-id=\"9a263cb\" data-element_type=\"widget\" data-e-type=\"widget\" data-widget_type=\"image.default\">\n\t\t\t\t<div class=\"elementor-widget-container\">\n\t\t\t\t\t\t\t\t\t\t\t\t<figure class=\"wp-caption\">\n\t\t\t\t\t\t\t\t\t\t\t<a href=\"https:\/\/www.mre.gov.rs\/\">\n\t\t\t\t\t\t\t<img decoding=\"async\" width=\"300\" height=\"227\" src=\"https:\/\/suboticagas.co.rs\/wp-content\/uploads\/2026\/03\/MinistarstvoEnergetike.jpg\" class=\"attachment-large size-large wp-image-5707\" alt=\"ministarstvoenergetike\" title=\"Linkek\">\t\t\t\t\t\t\t\t<\/a>\n\t\t\t\t\t\t\t\t\t\t\t<figcaption class=\"widget-image-caption wp-caption-text\">B\u00e1ny\u00e1szati \u00e9s Energia\u00fcgyi Miniszt\u00e9rium<\/figcaption>\n\t\t\t\t\t\t\t\t\t\t<\/figure>\n\t\t\t\t\t\t\t\t\t<\/div>\n\t\t\t\t<\/div>\n\t\t\t\t<\/div>\n\t\t<div class=\"elementor-element elementor-element-3a5ddb4 e-con-full e-flex e-con e-child\" data-id=\"3a5ddb4\" data-element_type=\"container\" data-e-type=\"container\">\n\t\t\t\t<div class=\"elementor-element elementor-element-63d1fa9 elementor-widget elementor-widget-image\" data-id=\"63d1fa9\" data-element_type=\"widget\" data-e-type=\"widget\" data-widget_type=\"image.default\">\n\t\t\t\t<div class=\"elementor-widget-container\">\n\t\t\t\t\t\t\t\t\t\t\t\t<figure class=\"wp-caption\">\n\t\t\t\t\t\t\t\t\t\t\t<a href=\"https:\/\/www.aers.rs\/\">\n\t\t\t\t\t\t\t<img decoding=\"async\" width=\"300\" height=\"227\" src=\"https:\/\/suboticagas.co.rs\/wp-content\/uploads\/2026\/03\/AngencijaZaEnergetiku.jpg\" class=\"attachment-large size-large wp-image-5708\" alt=\"angencijazaenergetiku\" title=\"Linkek\">\t\t\t\t\t\t\t\t<\/a>\n\t\t\t\t\t\t\t\t\t\t\t<figcaption class=\"widget-image-caption wp-caption-text\">Energia\u00fcgyn\u00f6ks\u00e9g<\/figcaption>\n\t\t\t\t\t\t\t\t\t\t<\/figure>\n\t\t\t\t\t\t\t\t\t<\/div>\n\t\t\t\t<\/div>\n\t\t\t\t<\/div>\n\t\t<div class=\"elementor-element elementor-element-8218df5 e-con-full e-flex e-con e-child\" data-id=\"8218df5\" data-element_type=\"container\" data-e-type=\"container\">\n\t\t\t\t<div class=\"elementor-element elementor-element-e5e9911 elementor-widget elementor-widget-image\" data-id=\"e5e9911\" data-element_type=\"widget\" data-e-type=\"widget\" data-widget_type=\"image.default\">\n\t\t\t\t<div class=\"elementor-widget-container\">\n\t\t\t\t\t\t\t\t\t\t\t\t<figure class=\"wp-caption\">\n\t\t\t\t\t\t\t\t\t\t\t<a href=\"http:\/\/www.psemr.vojvodina.gov.rs\/\">\n\t\t\t\t\t\t\t<img loading=\"lazy\" decoding=\"async\" width=\"300\" height=\"227\" src=\"https:\/\/suboticagas.co.rs\/wp-content\/uploads\/2026\/03\/PokrainskiSekretarijat.jpg\" class=\"attachment-large size-large wp-image-5709\" alt=\"pokrainskisekretarijat\" title=\"Linkek\">\t\t\t\t\t\t\t\t<\/a>\n\t\t\t\t\t\t\t\t\t\t\t<figcaption class=\"widget-image-caption wp-caption-text\">POKRAJINSKI SEKRETARIJAT ZA ENERGETIKU, GRA\u0110EVINARSTVO I SAOBRA\u0106AJ<\/figcaption>\n\t\t\t\t\t\t\t\t\t\t<\/figure>\n\t\t\t\t\t\t\t\t\t<\/div>\n\t\t\t\t<\/div>\n\t\t\t\t<\/div>\n\t\t<div class=\"elementor-element elementor-element-f658692 e-con-full e-flex e-con e-child\" data-id=\"f658692\" data-element_type=\"container\" data-e-type=\"container\">\n\t\t\t\t<div class=\"elementor-element elementor-element-4dbfdf9 elementor-widget elementor-widget-image\" data-id=\"4dbfdf9\" data-element_type=\"widget\" data-e-type=\"widget\" data-widget_type=\"image.default\">\n\t\t\t\t<div class=\"elementor-widget-container\">\n\t\t\t\t\t\t\t\t\t\t\t\t<figure class=\"wp-caption\">\n\t\t\t\t\t\t\t\t\t\t\t<a href=\"http:\/\/www.sudpg.rs\/\">\n\t\t\t\t\t\t\t<img loading=\"lazy\" decoding=\"async\" width=\"300\" height=\"227\" src=\"https:\/\/suboticagas.co.rs\/wp-content\/uploads\/2026\/03\/StrucnoUdruzenje.jpg\" class=\"attachment-large size-large wp-image-5710\" alt=\"strucnoudruzenje\" title=\"Linkek\">\t\t\t\t\t\t\t\t<\/a>\n\t\t\t\t\t\t\t\t\t\t\t<figcaption class=\"widget-image-caption wp-caption-text\">STRU\u010cNO UDRU\u017dENJE ZA DISTRIBUCIJU PRIRODNOG GASA<\/figcaption>\n\t\t\t\t\t\t\t\t\t\t<\/figure>\n\t\t\t\t\t\t\t\t\t<\/div>\n\t\t\t\t<\/div>\n\t\t\t\t<\/div>\n\t\t<div class=\"elementor-element elementor-element-3753666 e-con-full e-flex e-con e-child\" data-id=\"3753666\" data-element_type=\"container\" data-e-type=\"container\">\n\t\t\t\t<div class=\"elementor-element elementor-element-6271ad1 elementor-widget elementor-widget-image\" data-id=\"6271ad1\" data-element_type=\"widget\" data-e-type=\"widget\" data-widget_type=\"image.default\">\n\t\t\t\t<div class=\"elementor-widget-container\">\n\t\t\t\t\t\t\t\t\t\t\t\t<figure class=\"wp-caption\">\n\t\t\t\t\t\t\t\t\t\t\t<a href=\"http:\/\/www.srbijagas.com\/\">\n\t\t\t\t\t\t\t<img loading=\"lazy\" decoding=\"async\" width=\"300\" height=\"227\" src=\"https:\/\/suboticagas.co.rs\/wp-content\/uploads\/2026\/03\/SrbijaGas.jpg\" class=\"attachment-large size-large wp-image-5711\" alt=\"srbijagas\" title=\"Linkek\">\t\t\t\t\t\t\t\t<\/a>\n\t\t\t\t\t\t\t\t\t\t\t<figcaption class=\"widget-image-caption wp-caption-text\">szerb g\u00e1z<\/figcaption>\n\t\t\t\t\t\t\t\t\t\t<\/figure>\n\t\t\t\t\t\t\t\t\t<\/div>\n\t\t\t\t<\/div>\n\t\t\t\t<\/div>\n\t\t\t\t\t<\/div>\n\t\t\t\t<\/div>\n\t\t\t\t<\/div>","protected":false},"excerpt":{"rendered":"<p>Linkovi Grad Subotica MINISTRASTVO RUDARSTVA I ENERGETIKE AGENCIJA ZA ENERGETIKU POKRAJINSKI SEKRETARIJAT ZA ENERGETIKU, GRA\u0110EVINARSTVO I SAOBRA\u0106AJ STRU\u010cNO UDRU\u017dENJE ZA [&hellip;]<\/p>\n","protected":false},"author":1,"featured_media":0,"parent":0,"menu_order":0,"comment_status":"closed","ping_status":"closed","template":"","meta":{"site-sidebar-layout":"no-sidebar","site-content-layout":"page-builder","ast-site-content-layout":"full-width-container","site-content-style":"unboxed","site-sidebar-style":"unboxed","ast-global-header-display":"","ast-banner-title-visibility":"","ast-main-header-display":"","ast-hfb-above-header-display":"","ast-hfb-below-header-display":"","ast-hfb-mobile-header-display":"","site-post-title":"disabled","ast-breadcrumbs-content":"","ast-featured-img":"disabled","footer-sml-layout":"","ast-disable-related-posts":"","theme-transparent-header-meta":"enabled","adv-header-id-meta":"","stick-header-meta":"","header-above-stick-meta":"","header-main-stick-meta":"","header-below-stick-meta":"","astra-migrate-meta-layouts":"set","ast-page-background-enabled":"default","ast-page-background-meta":{"desktop":{"background-color":"","background-image":"","background-repeat":"repeat","background-position":"center center","background-size":"auto","background-attachment":"scroll","background-type":"","background-media":"","overlay-type":"","overlay-color":"","overlay-opacity":"","overlay-gradient":""},"tablet":{"background-color":"","background-image":"","background-repeat":"repeat","background-position":"center center","background-size":"auto","background-attachment":"scroll","background-type":"","background-media":"","overlay-type":"","overlay-color":"","overlay-opacity":"","overlay-gradient":""},"mobile":{"background-color":"","background-image":"","background-repeat":"repeat","background-position":"center center","background-size":"auto","background-attachment":"scroll","background-type":"","background-media":"","overlay-type":"","overlay-color":"","overlay-opacity":"","overlay-gradient":""}},"ast-content-background-meta":{"desktop":{"background-color":"var(--ast-global-color-5)","background-image":"","background-repeat":"repeat","background-position":"center center","background-size":"auto","background-attachment":"scroll","background-type":"","background-media":"","overlay-type":"","overlay-color":"","overlay-opacity":"","overlay-gradient":""},"tablet":{"background-color":"var(--ast-global-color-5)","background-image":"","background-repeat":"repeat","background-position":"center center","background-size":"auto","background-attachment":"scroll","background-type":"","background-media":"","overlay-type":"","overlay-color":"","overlay-opacity":"","overlay-gradient":""},"mobile":{"background-color":"var(--ast-global-color-5)","background-image":"","background-repeat":"repeat","background-position":"center center","background-size":"auto","background-attachment":"scroll","background-type":"","background-media":"","overlay-type":"","overlay-color":"","overlay-opacity":"","overlay-gradient":""}},"footnotes":""},"class_list":["post-5704","page","type-page","status-publish","hentry"],"_links":{"self":[{"href":"http:\/\/suboticagas.co.rs\/hun\/wp-json\/wp\/v2\/pages\/5704","targetHints":{"allow":["GET"]}}],"collection":[{"href":"http:\/\/suboticagas.co.rs\/hun\/wp-json\/wp\/v2\/pages"}],"about":[{"href":"http:\/\/suboticagas.co.rs\/hun\/wp-json\/wp\/v2\/types\/page"}],"author":[{"embeddable":true,"href":"http:\/\/suboticagas.co.rs\/hun\/wp-json\/wp\/v2\/users\/1"}],"replies":[{"embeddable":true,"href":"http:\/\/suboticagas.co.rs\/hun\/wp-json\/wp\/v2\/comments?post=5704"}],"version-history":[{"count":7,"href":"http:\/\/suboticagas.co.rs\/hun\/wp-json\/wp\/v2\/pages\/5704\/revisions"}],"predecessor-version":[{"id":5843,"href":"http:\/\/suboticagas.co.rs\/hun\/wp-json\/wp\/v2\/pages\/5704\/revisions\/5843"}],"wp:attachment":[{"href":"http:\/\/suboticagas.co.rs\/hun\/wp-json\/wp\/v2\/media?parent=5704"}],"curies":[{"name":"wp","href":"https:\/\/api.w.org\/{rel}","templated":true}]}}