{"id":5496,"date":"2026-03-12T13:55:02","date_gmt":"2026-03-12T13:55:02","guid":{"rendered":"https:\/\/sub.alfasoft.rs\/?page_id=5496"},"modified":"2026-03-12T14:00:13","modified_gmt":"2026-03-12T14:00:13","slug":"2014-2","status":"publish","type":"page","link":"https:\/\/suboticagas.co.rs\/eng\/2014-2\/","title":{"rendered":"2014"},"content":{"rendered":"<div data-elementor-type=\"wp-post\" data-elementor-id=\"5496\" class=\"elementor elementor-5496\">\n\t\t\t\t<div class=\"elementor-element elementor-element-5f02ddf e-flex e-con-boxed e-con e-parent\" data-id=\"5f02ddf\" data-element_type=\"container\" data-e-type=\"container\" data-settings=\"{&quot;background_background&quot;:&quot;classic&quot;}\">\n\t\t\t\t\t<div class=\"e-con-inner\">\n\t\t<div class=\"elementor-element elementor-element-0502d81 e-con-full e-flex e-con e-child\" data-id=\"0502d81\" data-element_type=\"container\" data-e-type=\"container\">\n\t\t\t\t<div class=\"elementor-element elementor-element-03d202b elementor-widget elementor-widget-heading\" data-id=\"03d202b\" data-element_type=\"widget\" data-e-type=\"widget\" data-widget_type=\"heading.default\">\n\t\t\t\t<div class=\"elementor-widget-container\">\n\t\t\t\t\t<h1 class=\"elementor-heading-title elementor-size-default\">Public Procurement 2014<\/h1>\t\t\t\t<\/div>\n\t\t\t\t<\/div>\n\t\t\t\t<\/div>\n\t\t\t\t\t<\/div>\n\t\t\t\t<\/div>\n\t\t<div class=\"elementor-element elementor-element-80db2a6 e-flex e-con-boxed e-con e-parent\" data-id=\"80db2a6\" data-element_type=\"container\" data-e-type=\"container\">\n\t\t\t\t\t<div class=\"e-con-inner\">\n\t\t\t\t<div class=\"elementor-element elementor-element-fe5ca1f elementor-widget elementor-widget-text-editor\" data-id=\"fe5ca1f\" data-element_type=\"widget\" data-e-type=\"widget\" data-widget_type=\"text-editor.default\">\n\t\t\t\t<div class=\"elementor-widget-container\">\n\t\t\t\t\t\t\t\t\t<p><a href=\"https:\/\/suboticagas.co.rs\/wp-content\/uploads\/jnmv1314.pdf\" target=\"_blank\" rel=\"noopener\">Public Procurement of Minor Value 13\/14 (18.12.2014)<\/a><\/p><p><a href=\"https:\/\/suboticagas.co.rs\/wp-content\/uploads\/jnmv1314.pdf\" target=\"_blank\" rel=\"noopener\">Re-certification of ISO 9001:2008 and ISO 18001:2007<\/a><\/p><p><a href=\"https:\/\/suboticagas.co.rs\/wp-content\/uploads\/obustavajnmv1314.pdf\" target=\"_blank\" rel=\"noopener\">Decision on the suspension of the SMALL-VALUE PUBLIC PROCUREMENT 13\/14 (23.12.2014)<\/a><\/p><p><a href=\"https:\/\/suboticagas.co.rs\/wp-content\/uploads\/jn1314.pdf\" target=\"_blank\" rel=\"noopener\">PUBLIC PROCUREMENT 13\/14 (12.08.2014)<\/a><\/p><p><a href=\"https:\/\/suboticagas.co.rs\/wp-content\/uploads\/jn1314.pdf\" target=\"_blank\" rel=\"noopener\">Izvo\u0111enje ma\u0161inskih i gra\u0111evinskih radova na DGM, deo Sen\u0107anskog i obilaznog puta<\/a><\/p><p>\u00a0<\/p><p><a href=\"https:\/\/suboticagas.co.rs\/wp-content\/uploads\/jnmv1214.pdf\" target=\"_blank\" rel=\"noopener\">Public Procurement of Minor Value 12\/14 (25.07.2014)<\/a><\/p><p><a href=\"https:\/\/suboticagas.co.rs\/wp-content\/uploads\/jnmv1214.pdf\" target=\"_blank\" rel=\"noopener\">Radovi na izradi, isporuci i monta\u017ei MRS za \u0161kole koje se besplatno priklju\u010duju na DGM<\/a><\/p><p>\u00a0<\/p><p><a href=\"https:\/\/suboticagas.co.rs\/wp-content\/uploads\/izmenaJNMV1114.pdf\" target=\"_blank\" rel=\"noopener\">AMENDMENT SMALL-SCALE PUBLIC PROCUREMENT 11\/14 (12.05.2014)<\/a><\/p><p><a href=\"https:\/\/suboticagas.co.rs\/wp-content\/uploads\/izmenaJNMV1114.pdf\" target=\"_blank\" rel=\"noopener\">Procurement and delivery of PPE for employees<\/a><\/p><p><a href=\"https:\/\/suboticagas.co.rs\/wp-content\/uploads\/jnmv1114.pdf\" target=\"_blank\" rel=\"noopener\">Public Procurement of Minor Value 11\/14 (30.04.2014)<\/a><\/p><p><a href=\"https:\/\/suboticagas.co.rs\/wp-content\/uploads\/jnmv1114.pdf\" target=\"_blank\" rel=\"noopener\">Procurement and delivery of PPE for employees<\/a><\/p><p>\u00a0<\/p><p><a href=\"https:\/\/suboticagas.co.rs\/wp-content\/uploads\/jnmv1014.pdf\" target=\"_blank\" rel=\"noopener\">Public Procurement of Minor Value 10\/14 (28.03.2014)<\/a><\/p><p><a href=\"https:\/\/suboticagas.co.rs\/wp-content\/uploads\/jnmv1014.pdf\" target=\"_blank\" rel=\"noopener\">Odr\u017eavanje, iznajmljivanje i razvoj knjigovodstvenog softvera \u201ePolaris\u201c<\/a><\/p><p>\u00a0<\/p><p><a href=\"https:\/\/suboticagas.co.rs\/wp-content\/uploads\/jnmv0914.pdf\" target=\"_blank\" rel=\"noopener\">Public Procurement of Minor Value 9\/14 (28.03.2014)<\/a><\/p><p><a href=\"https:\/\/suboticagas.co.rs\/wp-content\/uploads\/jnmv0914.pdf\" target=\"_blank\" rel=\"noopener\">Procurement and delivery of stationery<\/a><\/p><p>Amendments to the tender documentation\u00a0<a href=\"https:\/\/suboticagas.co.rs\/wp-content\/uploads\/IzmenaJNMV0914.pdf\" target=\"_blank\" rel=\"noopener\">\u00a0SMALL-SCALE PUBLIC PROCUREMENT 9\/14 (01.04.2014)SMALL-SCALE PUBLIC PROCUREMENT 9\/14 (01.04.2014)<\/a><\/p><p>\u00a0<\/p><p><a href=\"https:\/\/suboticagas.co.rs\/wp-content\/uploads\/jnmv0814.pdf\" target=\"_blank\" rel=\"noopener\">Public Procurement of Minor Value 8\/14 (28.03.2014)<\/a><\/p><p><a href=\"https:\/\/suboticagas.co.rs\/wp-content\/uploads\/jnmv0814.pdf\" target=\"_blank\" rel=\"noopener\">Nabavka i isporuka sredstava za higijenu i potro\u0161nih dobara<\/a><\/p><p>\u00a0<\/p><p><a href=\"https:\/\/suboticagas.co.rs\/wp-content\/uploads\/jn0714.pdf\" target=\"_blank\" rel=\"noopener\">PUBLIC PROCUREMENT 7\/14 (25.03.2014)<\/a><\/p><p><a href=\"https:\/\/suboticagas.co.rs\/wp-content\/uploads\/jn0714.pdf\" target=\"_blank\" rel=\"noopener\">Nabavka i isporuka ma\u0161inskog materijala za izgradnju tipskih priklju\u010daka, kao i mera\u010da gasa i regulatora za redovno odr\u017eavanje<\/a><\/p><p>Amendments to the tender documentation\u00a0<a href=\"https:\/\/suboticagas.co.rs\/wp-content\/uploads\/IzmenaJN0714.pdf\" target=\"_blank\" rel=\"noopener\">Public Procurement of Minor Value 7\/14 (01.04.2014)<\/a><\/p><p>\u00a0<\/p><p><a href=\"https:\/\/suboticagas.co.rs\/wp-content\/uploads\/jn0514.pdf\" target=\"_blank\" rel=\"noopener\">PUBLIC PROCUREMENT 5\/14 (25.03.2014)<\/a><\/p><p><a href=\"https:\/\/suboticagas.co.rs\/wp-content\/uploads\/jn0514.pdf\" target=\"_blank\" rel=\"noopener\">Gra\u0111evinski radovi na izgradnji gasnih priklju\u010daka (tipskih i individualnih), izme\u0161tanja i produ\u017eeci na DGM i isklju\u010denja sa DGM<\/a><\/p>\t\t\t\t\t\t\t\t<\/div>\n\t\t\t\t<\/div>\n\t\t\t\t\t<\/div>\n\t\t\t\t<\/div>\n\t\t\t\t<\/div>","protected":false},"excerpt":{"rendered":"<p>Javne nabavke 2014 JAVNA NABAVKA MALE VREDNOSTI 13\/14 (18.12.2014) Resertifikacija ISO 9001:2008 i ISO 18001:2007 Odluku o obustavi JAVNE NABAVKE [&hellip;]<\/p>\n","protected":false},"author":1,"featured_media":0,"parent":0,"menu_order":0,"comment_status":"closed","ping_status":"closed","template":"","meta":{"site-sidebar-layout":"no-sidebar","site-content-layout":"page-builder","ast-site-content-layout":"full-width-container","site-content-style":"unboxed","site-sidebar-style":"unboxed","ast-global-header-display":"","ast-banner-title-visibility":"","ast-main-header-display":"","ast-hfb-above-header-display":"","ast-hfb-below-header-display":"","ast-hfb-mobile-header-display":"","site-post-title":"disabled","ast-breadcrumbs-content":"","ast-featured-img":"disabled","footer-sml-layout":"","ast-disable-related-posts":"","theme-transparent-header-meta":"enabled","adv-header-id-meta":"","stick-header-meta":"","header-above-stick-meta":"","header-main-stick-meta":"","header-below-stick-meta":"","astra-migrate-meta-layouts":"set","ast-page-background-enabled":"default","ast-page-background-meta":{"desktop":{"background-color":"","background-image":"","background-repeat":"repeat","background-position":"center center","background-size":"auto","background-attachment":"scroll","background-type":"","background-media":"","overlay-type":"","overlay-color":"","overlay-opacity":"","overlay-gradient":""},"tablet":{"background-color":"","background-image":"","background-repeat":"repeat","background-position":"center center","background-size":"auto","background-attachment":"scroll","background-type":"","background-media":"","overlay-type":"","overlay-color":"","overlay-opacity":"","overlay-gradient":""},"mobile":{"background-color":"","background-image":"","background-repeat":"repeat","background-position":"center center","background-size":"auto","background-attachment":"scroll","background-type":"","background-media":"","overlay-type":"","overlay-color":"","overlay-opacity":"","overlay-gradient":""}},"ast-content-background-meta":{"desktop":{"background-color":"var(--ast-global-color-5)","background-image":"","background-repeat":"repeat","background-position":"center center","background-size":"auto","background-attachment":"scroll","background-type":"","background-media":"","overlay-type":"","overlay-color":"","overlay-opacity":"","overlay-gradient":""},"tablet":{"background-color":"var(--ast-global-color-5)","background-image":"","background-repeat":"repeat","background-position":"center center","background-size":"auto","background-attachment":"scroll","background-type":"","background-media":"","overlay-type":"","overlay-color":"","overlay-opacity":"","overlay-gradient":""},"mobile":{"background-color":"var(--ast-global-color-5)","background-image":"","background-repeat":"repeat","background-position":"center center","background-size":"auto","background-attachment":"scroll","background-type":"","background-media":"","overlay-type":"","overlay-color":"","overlay-opacity":"","overlay-gradient":""}},"footnotes":""},"class_list":["post-5496","page","type-page","status-publish","hentry"],"_links":{"self":[{"href":"https:\/\/suboticagas.co.rs\/eng\/wp-json\/wp\/v2\/pages\/5496","targetHints":{"allow":["GET"]}}],"collection":[{"href":"https:\/\/suboticagas.co.rs\/eng\/wp-json\/wp\/v2\/pages"}],"about":[{"href":"https:\/\/suboticagas.co.rs\/eng\/wp-json\/wp\/v2\/types\/page"}],"author":[{"embeddable":true,"href":"https:\/\/suboticagas.co.rs\/eng\/wp-json\/wp\/v2\/users\/1"}],"replies":[{"embeddable":true,"href":"https:\/\/suboticagas.co.rs\/eng\/wp-json\/wp\/v2\/comments?post=5496"}],"version-history":[{"count":4,"href":"https:\/\/suboticagas.co.rs\/eng\/wp-json\/wp\/v2\/pages\/5496\/revisions"}],"predecessor-version":[{"id":5501,"href":"https:\/\/suboticagas.co.rs\/eng\/wp-json\/wp\/v2\/pages\/5496\/revisions\/5501"}],"wp:attachment":[{"href":"https:\/\/suboticagas.co.rs\/eng\/wp-json\/wp\/v2\/media?parent=5496"}],"curies":[{"name":"wp","href":"https:\/\/api.w.org\/{rel}","templated":true}]}}