{"id":5502,"date":"2026-03-12T14:02:04","date_gmt":"2026-03-12T14:02:04","guid":{"rendered":"https:\/\/sub.alfasoft.rs\/?page_id=5502"},"modified":"2026-03-12T14:03:37","modified_gmt":"2026-03-12T14:03:37","slug":"2015-2","status":"publish","type":"page","link":"https:\/\/suboticagas.co.rs\/eng\/2015-2\/","title":{"rendered":"2015"},"content":{"rendered":"<div data-elementor-type=\"wp-post\" data-elementor-id=\"5502\" class=\"elementor elementor-5502\">\n\t\t\t\t<div class=\"elementor-element elementor-element-5f02ddf e-flex e-con-boxed e-con e-parent\" data-id=\"5f02ddf\" data-element_type=\"container\" data-e-type=\"container\" data-settings=\"{&quot;background_background&quot;:&quot;classic&quot;}\">\n\t\t\t\t\t<div class=\"e-con-inner\">\n\t\t<div class=\"elementor-element elementor-element-0502d81 e-con-full e-flex e-con e-child\" data-id=\"0502d81\" data-element_type=\"container\" data-e-type=\"container\">\n\t\t\t\t<div class=\"elementor-element elementor-element-03d202b elementor-widget elementor-widget-heading\" data-id=\"03d202b\" data-element_type=\"widget\" data-e-type=\"widget\" data-widget_type=\"heading.default\">\n\t\t\t\t<div class=\"elementor-widget-container\">\n\t\t\t\t\t<h1 class=\"elementor-heading-title elementor-size-default\">Public Procurement 2015<\/h1>\t\t\t\t<\/div>\n\t\t\t\t<\/div>\n\t\t\t\t<\/div>\n\t\t\t\t\t<\/div>\n\t\t\t\t<\/div>\n\t\t<div class=\"elementor-element elementor-element-80db2a6 e-flex e-con-boxed e-con e-parent\" data-id=\"80db2a6\" data-element_type=\"container\" data-e-type=\"container\">\n\t\t\t\t\t<div class=\"e-con-inner\">\n\t\t\t\t<div class=\"elementor-element elementor-element-fe5ca1f elementor-widget elementor-widget-text-editor\" data-id=\"fe5ca1f\" data-element_type=\"widget\" data-e-type=\"widget\" data-widget_type=\"text-editor.default\">\n\t\t\t\t<div class=\"elementor-widget-container\">\n\t\t\t\t\t\t\t\t\t<p><a href=\"https:\/\/suboticagas.co.rs\/wp-content\/uploads\/JN19.pdf\" target=\"_blank\" rel=\"noopener\">PUBLIC PROCUREMENT 19\/15 (09.11.2015)<\/a><\/p><p><a href=\"https:\/\/suboticagas.co.rs\/wp-content\/uploads\/JN19.pdf\" target=\"_blank\" rel=\"noopener\">Nabavka i isporuka ma\u0161inskog materijala za izgradnju DGM deo Sen\u0107anskog puta<\/a><\/p><p><a href=\"https:\/\/suboticagas.co.rs\/wp-content\/uploads\/dodela40112.pdf\" target=\"_blank\" rel=\"noopener\">Contract award decision<\/a><\/p><p><a href=\"https:\/\/suboticagas.co.rs\/wp-content\/uploads\/dodela40112.pdf\" target=\"_blank\" rel=\"noopener\">\u00a0<\/a><a href=\"https:\/\/suboticagas.co.rs\/wp-content\/uploads\/dodela40112.pdf\" target=\"_blank\" rel=\"noopener\">Odluka o dodeli ugovora pregovera\u010dkog postupka bez objavljivanja poziva za\u2019,,Nadzorna provera sistema<br \/>menad\u017ementa kvalitetom ISO 9001:2008 bez razvoja i Nadzorna provera sistem upravljanja za\u0161titom<br \/>zdravlja i bezbedno\u0161\u0107u na radu OHSAS 18001 :2007zdravlja i bezbedno\u0161\u0107u na radu OHSAS 18001 :2007<\/a><\/p><p>\u00a0<\/p><p><a href=\"https:\/\/suboticagas.co.rs\/wp-content\/uploads\/jnmv1615.pdf\" target=\"_blank\" rel=\"noopener\">Public Procurement of Minor Value 16\/15 (10.7.2015)<\/a><\/p><p><a href=\"https:\/\/suboticagas.co.rs\/wp-content\/uploads\/jnmv1615.pdf\" target=\"_blank\" rel=\"noopener\">Nabavka teretnog motornog vozila 4\u00d74 sa dizel agregata<\/a><\/p><p>\u00a0<\/p><p><a href=\"https:\/\/suboticagas.co.rs\/wp-content\/uploads\/jnmv1515partija2.pdf\" target=\"_blank\" rel=\"noopener\">Public Procurement of Minor Value 15\/15 (9 July 2015)<\/a><\/p><p><a href=\"https:\/\/suboticagas.co.rs\/wp-content\/uploads\/jnmv1515partija2.pdf\" target=\"_blank\" rel=\"noopener\">Izvo\u0111enje ma\u0161inskih i gra\u0111evinskih radova na DGM, deo Sen\u0107anskog i obolaznog puta<\/a><\/p><p><a href=\"https:\/\/suboticagas.co.rs\/wp-content\/uploads\/izmenajnmv1515.pdf\" target=\"_blank\" rel=\"noopener\">AMENDMENT TO THE SMALL-VALUE PUBLIC PROCUREMENT 15\/15 (25.6.2015)<\/a><\/p><p><a href=\"https:\/\/suboticagas.co.rs\/wp-content\/uploads\/izmenajnmv1515.pdf\" target=\"_blank\" rel=\"noopener\">Izvo\u0111enje ma\u0161inskih i gra\u0111evinskih radova na DGM, deo Sen\u0107anskog i obolaznog puta<\/a><\/p><p><a href=\"https:\/\/suboticagas.co.rs\/wp-content\/uploads\/jnmv1515.pdf\" target=\"_blank\" rel=\"noopener\">Public Procurement of Minor Value 15\/15 (22 June 2015)<\/a><\/p><p><a href=\"https:\/\/suboticagas.co.rs\/wp-content\/uploads\/jnmv1515.pdf\" target=\"_blank\" rel=\"noopener\">Izvo\u0111enje ma\u0161inskih i gra\u0111evinskih radova na DGM, deo Sen\u0107anskog i obolaznog puta<\/a><\/p><p>\u00a0<\/p><p>\u00a0<\/p><p><a href=\"https:\/\/suboticagas.co.rs\/wp-content\/uploads\/jnmv1415.pdf\" target=\"_blank\" rel=\"noopener\">Public Procurement of Minor Value 14\/15 (1.6.2015)<\/a><\/p><p><a href=\"https:\/\/suboticagas.co.rs\/wp-content\/uploads\/jnmv1415.pdf\" target=\"_blank\" rel=\"noopener\">Supply and delivery of PPE for employees, summer and winter<\/a><\/p><p>\u00a0<\/p><p><a href=\"https:\/\/suboticagas.co.rs\/wp-content\/uploads\/jn1315izmena.pdf\" target=\"_blank\" rel=\"noopener\">AMENDMENT PUBLIC PROCUREMENT 13\/15 (18.6.2015)<\/a><\/p><p><a href=\"https:\/\/suboticagas.co.rs\/wp-content\/uploads\/jn1315izmena.pdf\" target=\"_blank\" rel=\"noopener\">Gra\u0111evinski radovi na izradi gasnih priklju\u010daka (tipskih i individualnih), izme\u0161tanja i produ\u017eetaka na DGM i isklju\u010denja sa DGM<\/a><\/p><p><a href=\"https:\/\/suboticagas.co.rs\/wp-content\/uploads\/jnmv1315.pdf\" target=\"_blank\" rel=\"noopener\">PUBLIC PROCUREMENT 13\/15 (9 June 2015)<\/a><\/p><p><a href=\"https:\/\/suboticagas.co.rs\/wp-content\/uploads\/jnmv1315.pdf\" target=\"_blank\" rel=\"noopener\">Gra\u0111evinski radovi na izradi gasnih priklju\u010daka (tipskih i individualnih), izme\u0161tanja i produ\u017eetaka na DGM i isklju\u010denja sa DGM<\/a><\/p><p>\u00a0<\/p><p><a href=\"https:\/\/suboticagas.co.rs\/wp-content\/uploads\/jn1215.pdf\" target=\"_blank\" rel=\"noopener\">PUBLIC PROCUREMENT 12\/15 (07.09.2015)<\/a><\/p><p><a href=\"https:\/\/suboticagas.co.rs\/wp-content\/uploads\/jn1215.pdf\" target=\"_blank\" rel=\"noopener\">Nabavka ma\u0161inskog materijala za izgradnju i odr\u017eavanje DGM<\/a><\/p><p>\u00a0<\/p><p><a href=\"https:\/\/suboticagas.co.rs\/wp-content\/uploads\/jnmv11-1-15.pdf\" target=\"_blank\" rel=\"noopener\">Public Procurement of Minor Value 11\/15 (13.5.2015)<\/a><\/p><p><a href=\"https:\/\/suboticagas.co.rs\/wp-content\/uploads\/jnmv11-1-15.pdf\" target=\"_blank\" rel=\"noopener\">Obavljanje stru\u010dnog nadzora nad izvo\u0111enjem ma\u0161inskih i gra\u0111evinskih radova na DGM<\/a><\/p><p>\u00a0<\/p><p><a href=\"https:\/\/suboticagas.co.rs\/wp-content\/uploads\/jnmv1115.pdf\" target=\"_blank\" rel=\"noopener\">Public Procurement of Minor Value 11\/15 (27.4.2015)<\/a><\/p><p><a href=\"https:\/\/suboticagas.co.rs\/wp-content\/uploads\/jnmv1115.pdf\" target=\"_blank\" rel=\"noopener\">Obavljanje stru\u010dnog nadzora nad izvo\u0111enjem ma\u0161inskih i gra\u0111evinskih radova na DGM<\/a><\/p><p>\u00a0<\/p><p><a href=\"https:\/\/suboticagas.co.rs\/wp-content\/uploads\/jn1015.pdf\" target=\"_blank\" rel=\"noopener\">PUBLIC PROCUREMENT 10\/15 (27.4.2015)<\/a><\/p><p><a href=\"https:\/\/suboticagas.co.rs\/wp-content\/uploads\/jn1015.pdf\" target=\"_blank\" rel=\"noopener\">Usluga o\u010ditavanja potro\u0161nje prirodnog gasa na gasnim merilima kod gra\u0111ana i privrede<\/a><\/p><p>\u00a0<\/p><p>\u00a0<\/p><p>\u00a0<\/p><p><a href=\"https:\/\/suboticagas.co.rs\/wp-content\/uploads\/jnmv0915.pdf\" target=\"_blank\" rel=\"noopener\">Public Procurement of Minor Value 9\/15 (9 April 2015)<\/a><\/p><p><a href=\"https:\/\/suboticagas.co.rs\/wp-content\/uploads\/jnmv0915.pdf\" target=\"_blank\" rel=\"noopener\">Procurement and delivery of stationery<\/a><\/p><p>\u00a0<\/p><p><a href=\"https:\/\/suboticagas.co.rs\/wp-content\/uploads\/jnmv0815.pdf\" target=\"_blank\" rel=\"noopener\">Public Procurement of Minor Value 8\/15 (9.4.2015)<\/a><\/p><p><a href=\"https:\/\/suboticagas.co.rs\/wp-content\/uploads\/jnmv0815.pdf\" target=\"_blank\" rel=\"noopener\">Odr\u017eavanje, iznajmljivanje i razvoj knjigovodstvenog softvera \u201ePolaris\u201c<\/a><\/p><p>\u00a0<\/p><p><a href=\"https:\/\/suboticagas.co.rs\/wp-content\/uploads\/jnmv0815-1.pdf\" target=\"_blank\" rel=\"noopener\">Public Procurement of Minor Value 8\/15 (20.4.2015)<\/a><\/p><p><a href=\"https:\/\/suboticagas.co.rs\/wp-content\/uploads\/jnmv0815-1.pdf\" target=\"_blank\" rel=\"noopener\">Odr\u017eavanje, iznajmljivanje i razvoj knjigovodstvenog softvera \u201ePolaris\u201c<\/a><\/p><p>\u00a0<\/p><p><a href=\"https:\/\/suboticagas.co.rs\/wp-content\/uploads\/jnmv0715.pdf\" target=\"_blank\" rel=\"noopener\">Public Procurement of Minor Value 7\/15 (9.4.2015)<\/a><\/p><p><a href=\"https:\/\/suboticagas.co.rs\/wp-content\/uploads\/jnmv0715.pdf\" target=\"_blank\" rel=\"noopener\">Nabavka i isporuka sredstava za higijenu i potro\u0161nih dobara<\/a><\/p><p>\u00a0<\/p><p><a href=\"https:\/\/suboticagas.co.rs\/wp-content\/uploads\/jnmv0615.pdf\" target=\"_blank\" rel=\"noopener\">Public Procurement of Minor Value 6\/15 (9.4.2015)<\/a><\/p><p><a href=\"https:\/\/suboticagas.co.rs\/wp-content\/uploads\/jnmv0615.pdf\" target=\"_blank\" rel=\"noopener\">Ispitivanje i \u017eigosanje (ba\u017edarenje) merila prirodnog gasa G-4 i G-6<\/a><\/p><p>\u00a0<\/p><p><a href=\"https:\/\/suboticagas.co.rs\/wp-content\/uploads\/jnmv0515.pdf\" target=\"_blank\" rel=\"noopener\">Public Procurement of Minor Value 5\/15 (9.4.2015)<\/a><\/p><p><a href=\"https:\/\/suboticagas.co.rs\/wp-content\/uploads\/jnmv0515.pdf\" target=\"_blank\" rel=\"noopener\">Nabavka goriva za motorna vozila i ure\u0111aje sa motorima sa unutra\u0161njim sagorevanjem<\/a><\/p><p>\u00a0<\/p><p><a href=\"https:\/\/suboticagas.co.rs\/wp-content\/uploads\/jnmv0415.pdf\" target=\"_blank\" rel=\"noopener\">Public Procurement of Minor Value 4\/15 (17.4.2015)<\/a><\/p><p><a href=\"https:\/\/suboticagas.co.rs\/wp-content\/uploads\/jnmv0415.pdf\" target=\"_blank\" rel=\"noopener\">Insurance services<\/a><\/p><p>\u00a0<\/p><p><a href=\"https:\/\/suboticagas.co.rs\/wp-content\/uploads\/jnmv0315.pdf\" target=\"_blank\" rel=\"noopener\">Public Procurement of Minor Value 3\/15 (17.4.2015)<\/a><\/p><p><a href=\"https:\/\/suboticagas.co.rs\/wp-content\/uploads\/jnmv0315.pdf\" target=\"_blank\" rel=\"noopener\">Nabavka elektri\u010dne energije<\/a><\/p><p>\u00a0<\/p><p><a href=\"https:\/\/suboticagas.co.rs\/wp-content\/uploads\/jnmv0215.pdf\" target=\"_blank\" rel=\"noopener\">Public Procurement of Minor Value 2\/15 (14.1.2015)<\/a><\/p><p><a href=\"https:\/\/suboticagas.co.rs\/wp-content\/uploads\/jnmv0215.pdf\" target=\"_blank\" rel=\"noopener\">Nadzorna provera sistem menad\u017ementa kvalitetom ISO 9001:2008 bez razvoja i Nadzorna provera sistem upravljanja za\u0161titom zdravlja i bezbedno\u0161\u0107u na radu OHSAS 18001:2007<\/a><\/p><p>\u00a0<\/p><p><a href=\"https:\/\/suboticagas.co.rs\/wp-content\/uploads\/izmenajnmv0115.pdf\" target=\"_blank\" rel=\"noopener\">AMENDMENT TO THE SMALL-VALUE PUBLIC PROCUREMENT 1\/15 (8.1.2015)<\/a><\/p><p><a href=\"https:\/\/suboticagas.co.rs\/wp-content\/uploads\/izmenajnmv0115.pdf\" target=\"_blank\" rel=\"noopener\">Vr\u0161enje usluge isporuke odoranata, punjenje ure\u0111aja za odorizaciju, kontrolu nivoa odorizacije<\/a><\/p><p><a href=\"https:\/\/suboticagas.co.rs\/wp-content\/uploads\/jnmv0115.pdf\" target=\"_blank\" rel=\"noopener\">Public Procurement of Minor Value 1\/15 (5 January 2015)<\/a><\/p><p><a href=\"https:\/\/suboticagas.co.rs\/wp-content\/uploads\/jnmv0115.pdf\" target=\"_blank\" rel=\"noopener\">Vr\u0161enje usluge isporuke odoranata, punjenje ure\u0111aja za odorizaciju, kontrolu nivoa odorizacije<\/a><\/p>\t\t\t\t\t\t\t\t<\/div>\n\t\t\t\t<\/div>\n\t\t\t\t\t<\/div>\n\t\t\t\t<\/div>\n\t\t\t\t<\/div>","protected":false},"excerpt":{"rendered":"<p>Javne nabavke 2015 JAVNA NABAVKA 19\/15 (09.11.2015) Nabavka i isporuka ma\u0161inskog materijala za izgradnju DGM deo Sen\u0107anskog puta Odluka o [&hellip;]<\/p>\n","protected":false},"author":1,"featured_media":0,"parent":0,"menu_order":0,"comment_status":"closed","ping_status":"closed","template":"","meta":{"site-sidebar-layout":"no-sidebar","site-content-layout":"page-builder","ast-site-content-layout":"full-width-container","site-content-style":"unboxed","site-sidebar-style":"unboxed","ast-global-header-display":"","ast-banner-title-visibility":"","ast-main-header-display":"","ast-hfb-above-header-display":"","ast-hfb-below-header-display":"","ast-hfb-mobile-header-display":"","site-post-title":"disabled","ast-breadcrumbs-content":"","ast-featured-img":"disabled","footer-sml-layout":"","ast-disable-related-posts":"","theme-transparent-header-meta":"enabled","adv-header-id-meta":"","stick-header-meta":"","header-above-stick-meta":"","header-main-stick-meta":"","header-below-stick-meta":"","astra-migrate-meta-layouts":"set","ast-page-background-enabled":"default","ast-page-background-meta":{"desktop":{"background-color":"","background-image":"","background-repeat":"repeat","background-position":"center center","background-size":"auto","background-attachment":"scroll","background-type":"","background-media":"","overlay-type":"","overlay-color":"","overlay-opacity":"","overlay-gradient":""},"tablet":{"background-color":"","background-image":"","background-repeat":"repeat","background-position":"center center","background-size":"auto","background-attachment":"scroll","background-type":"","background-media":"","overlay-type":"","overlay-color":"","overlay-opacity":"","overlay-gradient":""},"mobile":{"background-color":"","background-image":"","background-repeat":"repeat","background-position":"center center","background-size":"auto","background-attachment":"scroll","background-type":"","background-media":"","overlay-type":"","overlay-color":"","overlay-opacity":"","overlay-gradient":""}},"ast-content-background-meta":{"desktop":{"background-color":"var(--ast-global-color-5)","background-image":"","background-repeat":"repeat","background-position":"center center","background-size":"auto","background-attachment":"scroll","background-type":"","background-media":"","overlay-type":"","overlay-color":"","overlay-opacity":"","overlay-gradient":""},"tablet":{"background-color":"var(--ast-global-color-5)","background-image":"","background-repeat":"repeat","background-position":"center center","background-size":"auto","background-attachment":"scroll","background-type":"","background-media":"","overlay-type":"","overlay-color":"","overlay-opacity":"","overlay-gradient":""},"mobile":{"background-color":"var(--ast-global-color-5)","background-image":"","background-repeat":"repeat","background-position":"center center","background-size":"auto","background-attachment":"scroll","background-type":"","background-media":"","overlay-type":"","overlay-color":"","overlay-opacity":"","overlay-gradient":""}},"footnotes":""},"class_list":["post-5502","page","type-page","status-publish","hentry"],"_links":{"self":[{"href":"https:\/\/suboticagas.co.rs\/eng\/wp-json\/wp\/v2\/pages\/5502","targetHints":{"allow":["GET"]}}],"collection":[{"href":"https:\/\/suboticagas.co.rs\/eng\/wp-json\/wp\/v2\/pages"}],"about":[{"href":"https:\/\/suboticagas.co.rs\/eng\/wp-json\/wp\/v2\/types\/page"}],"author":[{"embeddable":true,"href":"https:\/\/suboticagas.co.rs\/eng\/wp-json\/wp\/v2\/users\/1"}],"replies":[{"embeddable":true,"href":"https:\/\/suboticagas.co.rs\/eng\/wp-json\/wp\/v2\/comments?post=5502"}],"version-history":[{"count":4,"href":"https:\/\/suboticagas.co.rs\/eng\/wp-json\/wp\/v2\/pages\/5502\/revisions"}],"predecessor-version":[{"id":5516,"href":"https:\/\/suboticagas.co.rs\/eng\/wp-json\/wp\/v2\/pages\/5502\/revisions\/5516"}],"wp:attachment":[{"href":"https:\/\/suboticagas.co.rs\/eng\/wp-json\/wp\/v2\/media?parent=5502"}],"curies":[{"name":"wp","href":"https:\/\/api.w.org\/{rel}","templated":true}]}}