{"id":5503,"date":"2026-03-12T14:02:12","date_gmt":"2026-03-12T14:02:12","guid":{"rendered":"https:\/\/sub.alfasoft.rs\/?page_id=5503"},"modified":"2026-03-12T14:04:14","modified_gmt":"2026-03-12T14:04:14","slug":"2016-2","status":"publish","type":"page","link":"https:\/\/suboticagas.co.rs\/eng\/2016-2\/","title":{"rendered":"2016"},"content":{"rendered":"<div data-elementor-type=\"wp-post\" data-elementor-id=\"5503\" class=\"elementor elementor-5503\">\n\t\t\t\t<div class=\"elementor-element elementor-element-5f02ddf e-flex e-con-boxed e-con e-parent\" data-id=\"5f02ddf\" data-element_type=\"container\" data-e-type=\"container\" data-settings=\"{&quot;background_background&quot;:&quot;classic&quot;}\">\n\t\t\t\t\t<div class=\"e-con-inner\">\n\t\t<div class=\"elementor-element elementor-element-0502d81 e-con-full e-flex e-con e-child\" data-id=\"0502d81\" data-element_type=\"container\" data-e-type=\"container\">\n\t\t\t\t<div class=\"elementor-element elementor-element-03d202b elementor-widget elementor-widget-heading\" data-id=\"03d202b\" data-element_type=\"widget\" data-e-type=\"widget\" data-widget_type=\"heading.default\">\n\t\t\t\t<div class=\"elementor-widget-container\">\n\t\t\t\t\t<h1 class=\"elementor-heading-title elementor-size-default\">Public Procurement 2016<\/h1>\t\t\t\t<\/div>\n\t\t\t\t<\/div>\n\t\t\t\t<\/div>\n\t\t\t\t\t<\/div>\n\t\t\t\t<\/div>\n\t\t<div class=\"elementor-element elementor-element-80db2a6 e-flex e-con-boxed e-con e-parent\" data-id=\"80db2a6\" data-element_type=\"container\" data-e-type=\"container\">\n\t\t\t\t\t<div class=\"e-con-inner\">\n\t\t\t\t<div class=\"elementor-element elementor-element-fe5ca1f elementor-widget elementor-widget-text-editor\" data-id=\"fe5ca1f\" data-element_type=\"widget\" data-e-type=\"widget\" data-widget_type=\"text-editor.default\">\n\t\t\t\t<div class=\"elementor-widget-container\">\n\t\t\t\t\t\t\t\t\t<p><a href=\"https:\/\/suboticagas.co.rs\/wp-content\/uploads\/Konvex_zahtev.pdf\" target=\"_blank\" rel=\"noopener\">Zahtev za za\u0161titu prava u otvorenom postupku javne nabavke dobara broj 15\/16 (30.11.2016)<\/a><\/p><p><a href=\"https:\/\/suboticagas.co.rs\/wp-content\/uploads\/JN15_2016.pdf\" target=\"_blank\" rel=\"noopener\">Public Procurement 15\/16 (13.07.2016)<\/a><\/p><p><a href=\"https:\/\/suboticagas.co.rs\/wp-content\/uploads\/JN15_2016.pdf\" target=\"_blank\" rel=\"noopener\">Nabavka i isporuka ma\u0161inskog materijala za izgradnju i odr\u017eavanje DGM<\/a><\/p><p><a href=\"https:\/\/suboticagas.co.rs\/wp-content\/uploads\/417_9-1.pdf\" target=\"_blank\" rel=\"noopener\">IZMENA KONKURSNE DOKUMENTACIJE JAVNE NABAVKE JN 15\/16 \u2013 Nabavka i isporuka ma\u0161inskog materijala za izgradnju DGM<\/a><\/p><p><a href=\"https:\/\/suboticagas.co.rs\/wp-content\/uploads\/417_13.pdf\" target=\"_blank\" rel=\"noopener\">IZMENA KONKURSNE DOKUMENTACIJE JAVNE NABAVKE JN 15\/16 Nabavka i isporuka ma\u0161inskog materijala za izgradnju DGM<br \/><\/a><\/p><p><a href=\"https:\/\/suboticagas.co.rs\/wp-content\/uploads\/417_14.pdf\" target=\"_blank\" rel=\"noopener\">Tender Documentation for Public Procurement No. 15\/16: Procurement and Delivery of Mechanical Material for the Construction of the DGM, with Amendments from No. 1 to No. 12.<\/a><\/p><p><a href=\"https:\/\/suboticagas.co.rs\/wp-content\/uploads\/417_19_prazan.pdf\" target=\"_blank\" rel=\"noopener\">Response to the request for additional information JN 15\/16; 189\/16 of 2 November 2016.<\/a><\/p><p><a href=\"https:\/\/suboticagas.co.rs\/wp-content\/uploads\/417_22.pdf\" target=\"_blank\" rel=\"noopener\">Response to the request for additional information JN 15\/16; 195\/16 of 8 November 2016.<\/a><\/p><p><a href=\"https:\/\/suboticagas.co.rs\/wp-content\/uploads\/20170425080725.pdf\" target=\"_blank\" rel=\"noopener\">Decision on the award of contract JN 15\/16 (25.04.2017.)<\/a><\/p><p><a href=\"https:\/\/suboticagas.co.rs\/wp-content\/uploads\/JN15ObavestenjeOZakljucenomUgovoruJN15.pdf\" target=\"_blank\" rel=\"noopener\">Obave\u0161tenje o zaklju\u010denom ugovoru (26.05.2017.)<\/a><\/p><p>\u00a0<\/p><p><a href=\"https:\/\/suboticagas.co.rs\/wp-content\/uploads\/JN14_2016.pdf\" target=\"_blank\" rel=\"noopener\">PUBLIC PROCUREMENT 14\/16 (24.06.2016)<\/a><\/p><p><a href=\"https:\/\/suboticagas.co.rs\/wp-content\/uploads\/JN14_2016.pdf\" target=\"_blank\" rel=\"noopener\">Maintenance and repairs of the fleet vehicles<\/a><\/p><p>\u00a0<\/p><p><a href=\"https:\/\/suboticagas.co.rs\/wp-content\/uploads\/JN13_2016.pdf\" target=\"_blank\" rel=\"noopener\">PUBLIC PROCUREMENT 13\/16 (14.06.2016)<\/a><\/p><p><a href=\"https:\/\/suboticagas.co.rs\/wp-content\/uploads\/JN13_2016.pdf\">Gra\u0111evinski radovi na izgradniji gasnih priklju\u010daka (tipskih i individualnih), izne\u0161tanja i produ\u017eetaka na DGM i isklju\u010denja s DGM<\/a><\/p><p><a href=\"https:\/\/suboticagas.co.rs\/wp-content\/uploads\/JN_13_16_Odluka.pdf\" target=\"_blank\" rel=\"noopener\">JAVNA NABAVKA 13\/16 \u2013 Odluka o dodeli ugovora (25.01.2017)<\/a><\/p><p>\u00a0<\/p><p><a href=\"https:\/\/suboticagas.co.rs\/wp-content\/uploads\/JN12_2016.pdf\" target=\"_blank\" rel=\"noopener\">PUBLIC PROCUREMENT 12\/16 (13.07.2016)<\/a><\/p><p><a href=\"https:\/\/suboticagas.co.rs\/wp-content\/uploads\/JN12_2016.pdf\" target=\"_blank\" rel=\"noopener\">Ba\u017edarenje kalorimetara<\/a><\/p><p>\u00a0<\/p><p><a href=\"https:\/\/suboticagas.co.rs\/wp-content\/uploads\/JN11_2016.pdf\" target=\"_blank\" rel=\"noopener\">PUBLIC PROCUREMENT 11\/16 (21.04.2016)<\/a><\/p><p><a href=\"https:\/\/suboticagas.co.rs\/wp-content\/uploads\/JN11_2016.pdf\" target=\"_blank\" rel=\"noopener\">Usluga o\u010ditavanja potro\u0161nje prirodnog gasa na gasnim merilima kod gra\u0111ana i privrede<\/a><\/p><p>\u00a0<\/p><p><a href=\"https:\/\/suboticagas.co.rs\/wp-content\/uploads\/JN10_2016.pdf\" target=\"_blank\" rel=\"noopener\">PUBLIC PROCUREMENT 10\/16 (21.04.2016)<\/a><\/p><p><a href=\"https:\/\/suboticagas.co.rs\/wp-content\/uploads\/JN10_2016.pdf\" target=\"_blank\" rel=\"noopener\">Supply and delivery of PPE for employees, summer and winter<\/a><\/p><p>\u00a0<\/p><p><a href=\"https:\/\/suboticagas.co.rs\/wp-content\/uploads\/JN9_2016.pdf\" target=\"_blank\" rel=\"noopener\">PUBLIC PROCUREMENT 9\/16 (21.04.2016)<\/a><\/p><p><a href=\"https:\/\/suboticagas.co.rs\/wp-content\/uploads\/JN9_2016.pdf\" target=\"_blank\" rel=\"noopener\">Insurance services<\/a><\/p><p>\u00a0<\/p><p><a href=\"https:\/\/suboticagas.co.rs\/wp-content\/uploads\/JN8_2016.pdf\" target=\"_blank\" rel=\"noopener\">PUBLIC PROCUREMENT 8\/16 (15.04.2016)<\/a><\/p><p><a href=\"https:\/\/suboticagas.co.rs\/wp-content\/uploads\/JN8_2016.pdf\" target=\"_blank\" rel=\"noopener\">Procurement and delivery of stationery<\/a><\/p><p>\u00a0<\/p><p><a href=\"https:\/\/suboticagas.co.rs\/wp-content\/uploads\/JN8_2016.pdf\" target=\"_blank\" rel=\"noopener\">PUBLIC PROCUREMENT 8\/16 (15.04.2016)<\/a><\/p><p><a href=\"https:\/\/suboticagas.co.rs\/wp-content\/uploads\/JN8_2016.pdf\" target=\"_blank\" rel=\"noopener\">Odr\u017eavanje, iznajmljivanje i razvoj knjigovodstvenog softvera \u201ePolaris\u201c<\/a><\/p><p>\u00a0<\/p><p><a href=\"https:\/\/suboticagas.co.rs\/wp-content\/uploads\/JN7_2016.pdf\" target=\"_blank\" rel=\"noopener\">PUBLIC PROCUREMENT 7\/16 (15.04.2016)<\/a><\/p><p><a href=\"https:\/\/suboticagas.co.rs\/wp-content\/uploads\/JN7_2016.pdf\" target=\"_blank\" rel=\"noopener\">Nabavka elektri\u010dne energije<\/a><\/p><p>\u00a0<\/p><p><a href=\"https:\/\/suboticagas.co.rs\/wp-content\/uploads\/JN5_2016.pdf\" target=\"_blank\" rel=\"noopener\">PUBLIC PROCUREMENT 5\/16 (20.04.2016)<\/a><\/p><p><a href=\"https:\/\/suboticagas.co.rs\/wp-content\/uploads\/JN5_2016.pdf\" target=\"_blank\" rel=\"noopener\">Nabavka i isporuka sredstava za higijenu i potro\u0161nih dobara<\/a><\/p><p>\u00a0<\/p><p><a href=\"https:\/\/suboticagas.co.rs\/wp-content\/uploads\/JN4_2016.pdf\" target=\"_blank\" rel=\"noopener\">PUBLIC PROCUREMENT 4\/16 (15.04.2016)<\/a><\/p><p><a href=\"https:\/\/suboticagas.co.rs\/wp-content\/uploads\/JN4_2016.pdf\" target=\"_blank\" rel=\"noopener\">Nabavka goriva za motorna vozila i ure\u0111aje sa motorim sa unutra\u0161nnim sagorevanjem<\/a><\/p><p>\u00a0<\/p><p><a href=\"https:\/\/suboticagas.co.rs\/wp-content\/uploads\/JN3_2016.pdf\" target=\"_blank\" rel=\"noopener\">PUBLIC PROCUREMENT 3\/16 (25.03.2016)<\/a><\/p><p><a href=\"https:\/\/suboticagas.co.rs\/wp-content\/uploads\/JN3_2016.pdf\" target=\"_blank\" rel=\"noopener\">Izvo\u0111enje ma\u0161inskih i gra\u0111evinskih radova na DGM, deo Sen\u0107anskog i obilaznog puta<\/a><\/p><p><a href=\"https:\/\/suboticagas.co.rs\/wp-content\/uploads\/SUGAS_Plan_2016.pdf\" target=\"_blank\" rel=\"noopener\">PROGRAM POSLOVANJA JKP \u201eSUBOTICAGAS\u201c ZA 2016. GODINU<\/a><\/p><p>\u00a0<\/p><p><a href=\"https:\/\/suboticagas.co.rs\/wp-content\/uploads\/JN2_2016.pdf\" target=\"_blank\" rel=\"noopener\">PUBLIC PROCUREMENT 2\/16 (02.01.2016)<\/a><\/p><p><a href=\"https:\/\/suboticagas.co.rs\/wp-content\/uploads\/JN2_2016.pdf\" target=\"_blank\" rel=\"noopener\">Nabavka i isporuka ma\u0161inskog materijala za izgradnju DGM, ormani za KMRS<\/a><\/p><p><a href=\"https:\/\/suboticagas.co.rs\/wp-content\/uploads\/JN_1_2016_izm.pdf\" target=\"_blank\" rel=\"noopener\">IZMENA KONKURSNE DOKUMENTACIJE \u2013 JAVNA NABAVKA 1\/16 (06.01.2016)<\/a><\/p><p><a href=\"https:\/\/suboticagas.co.rs\/wp-content\/uploads\/JN_1_2016_izm.pdf\" target=\"_blank\" rel=\"noopener\">Vr\u0161enje usluge isporuke odoranata, punjenje ure\u0111aja za odorizaciju, kontrolu nivoa odorizacije.<\/a><\/p><p>\u00a0<\/p><p><a href=\"https:\/\/suboticagas.co.rs\/wp-content\/uploads\/JN_1_2016.pdf\" target=\"_blank\" rel=\"noopener\">PUBLIC PROCUREMENT 1\/16 (04.01.2016)<\/a><\/p><p><a href=\"https:\/\/suboticagas.co.rs\/wp-content\/uploads\/JN_1_2016.pdf\" target=\"_blank\" rel=\"noopener\">Vr\u0161enje usluge isporuke odoranata, punjenje ure\u0111aja za odorizaciju, kontrolu nivoa odorizacije.<\/a><\/p><p><a href=\"https:\/\/suboticagas.co.rs\/wp-content\/uploads\/Plan2105_izm2.pdf\" target=\"_blank\" rel=\"noopener\">Second amendment to the 2015 Business Plan. (09.12.2015.)<\/a><\/p>\t\t\t\t\t\t\t\t<\/div>\n\t\t\t\t<\/div>\n\t\t\t\t\t<\/div>\n\t\t\t\t<\/div>\n\t\t\t\t<\/div>","protected":false},"excerpt":{"rendered":"<p>Javne nabavke 2016 Zahtev za za\u0161titu prava u otvorenom postupku javne nabavke dobara broj 15\/16 (30.11.2016) JAVNA NABAVKA 15\/16 (13.07.2016) [&hellip;]<\/p>\n","protected":false},"author":1,"featured_media":0,"parent":0,"menu_order":0,"comment_status":"closed","ping_status":"closed","template":"","meta":{"site-sidebar-layout":"no-sidebar","site-content-layout":"page-builder","ast-site-content-layout":"full-width-container","site-content-style":"unboxed","site-sidebar-style":"unboxed","ast-global-header-display":"","ast-banner-title-visibility":"","ast-main-header-display":"","ast-hfb-above-header-display":"","ast-hfb-below-header-display":"","ast-hfb-mobile-header-display":"","site-post-title":"disabled","ast-breadcrumbs-content":"","ast-featured-img":"disabled","footer-sml-layout":"","ast-disable-related-posts":"","theme-transparent-header-meta":"enabled","adv-header-id-meta":"","stick-header-meta":"","header-above-stick-meta":"","header-main-stick-meta":"","header-below-stick-meta":"","astra-migrate-meta-layouts":"set","ast-page-background-enabled":"default","ast-page-background-meta":{"desktop":{"background-color":"","background-image":"","background-repeat":"repeat","background-position":"center center","background-size":"auto","background-attachment":"scroll","background-type":"","background-media":"","overlay-type":"","overlay-color":"","overlay-opacity":"","overlay-gradient":""},"tablet":{"background-color":"","background-image":"","background-repeat":"repeat","background-position":"center center","background-size":"auto","background-attachment":"scroll","background-type":"","background-media":"","overlay-type":"","overlay-color":"","overlay-opacity":"","overlay-gradient":""},"mobile":{"background-color":"","background-image":"","background-repeat":"repeat","background-position":"center center","background-size":"auto","background-attachment":"scroll","background-type":"","background-media":"","overlay-type":"","overlay-color":"","overlay-opacity":"","overlay-gradient":""}},"ast-content-background-meta":{"desktop":{"background-color":"var(--ast-global-color-5)","background-image":"","background-repeat":"repeat","background-position":"center center","background-size":"auto","background-attachment":"scroll","background-type":"","background-media":"","overlay-type":"","overlay-color":"","overlay-opacity":"","overlay-gradient":""},"tablet":{"background-color":"var(--ast-global-color-5)","background-image":"","background-repeat":"repeat","background-position":"center center","background-size":"auto","background-attachment":"scroll","background-type":"","background-media":"","overlay-type":"","overlay-color":"","overlay-opacity":"","overlay-gradient":""},"mobile":{"background-color":"var(--ast-global-color-5)","background-image":"","background-repeat":"repeat","background-position":"center center","background-size":"auto","background-attachment":"scroll","background-type":"","background-media":"","overlay-type":"","overlay-color":"","overlay-opacity":"","overlay-gradient":""}},"footnotes":""},"class_list":["post-5503","page","type-page","status-publish","hentry"],"_links":{"self":[{"href":"https:\/\/suboticagas.co.rs\/eng\/wp-json\/wp\/v2\/pages\/5503","targetHints":{"allow":["GET"]}}],"collection":[{"href":"https:\/\/suboticagas.co.rs\/eng\/wp-json\/wp\/v2\/pages"}],"about":[{"href":"https:\/\/suboticagas.co.rs\/eng\/wp-json\/wp\/v2\/types\/page"}],"author":[{"embeddable":true,"href":"https:\/\/suboticagas.co.rs\/eng\/wp-json\/wp\/v2\/users\/1"}],"replies":[{"embeddable":true,"href":"https:\/\/suboticagas.co.rs\/eng\/wp-json\/wp\/v2\/comments?post=5503"}],"version-history":[{"count":4,"href":"https:\/\/suboticagas.co.rs\/eng\/wp-json\/wp\/v2\/pages\/5503\/revisions"}],"predecessor-version":[{"id":5519,"href":"https:\/\/suboticagas.co.rs\/eng\/wp-json\/wp\/v2\/pages\/5503\/revisions\/5519"}],"wp:attachment":[{"href":"https:\/\/suboticagas.co.rs\/eng\/wp-json\/wp\/v2\/media?parent=5503"}],"curies":[{"name":"wp","href":"https:\/\/api.w.org\/{rel}","templated":true}]}}