{"id":5599,"date":"2026-03-15T17:57:34","date_gmt":"2026-03-15T17:57:34","guid":{"rendered":"https:\/\/sub.alfasoft.rs\/?page_id=5599"},"modified":"2026-03-15T18:23:32","modified_gmt":"2026-03-15T18:23:32","slug":"%d1%81%d0%bd%d0%b0%d0%b1%d0%b4%d0%b5%d0%b2%d0%b0%d1%9a%d0%b5","status":"publish","type":"page","link":"https:\/\/suboticagas.co.rs\/eng\/%d1%81%d0%bd%d0%b0%d0%b1%d0%b4%d0%b5%d0%b2%d0%b0%d1%9a%d0%b5\/","title":{"rendered":"Supply"},"content":{"rendered":"<div data-elementor-type=\"wp-post\" data-elementor-id=\"5599\" class=\"elementor elementor-5599\">\n\t\t\t\t<div class=\"elementor-element elementor-element-5f02ddf e-flex e-con-boxed e-con e-parent\" data-id=\"5f02ddf\" data-element_type=\"container\" data-e-type=\"container\" data-settings=\"{&quot;background_background&quot;:&quot;classic&quot;}\">\n\t\t\t\t\t<div class=\"e-con-inner\">\n\t\t<div class=\"elementor-element elementor-element-0502d81 e-con-full e-flex e-con e-child\" data-id=\"0502d81\" data-element_type=\"container\" data-e-type=\"container\">\n\t\t\t\t<div class=\"elementor-element elementor-element-03d202b elementor-widget elementor-widget-heading\" data-id=\"03d202b\" data-element_type=\"widget\" data-e-type=\"widget\" data-widget_type=\"heading.default\">\n\t\t\t\t<div class=\"elementor-widget-container\">\n\t\t\t\t\t<h1 class=\"elementor-heading-title elementor-size-default\">Supply\n<\/h1>\t\t\t\t<\/div>\n\t\t\t\t<\/div>\n\t\t\t\t<\/div>\n\t\t\t\t\t<\/div>\n\t\t\t\t<\/div>\n\t\t<div class=\"elementor-element elementor-element-6d50a28 e-flex e-con-boxed e-con e-parent\" data-id=\"6d50a28\" data-element_type=\"container\" data-e-type=\"container\">\n\t\t\t\t\t<div class=\"e-con-inner\">\n\t\t\t\t<div class=\"elementor-element elementor-element-40d385d elementor-widget elementor-widget-heading\" data-id=\"40d385d\" data-element_type=\"widget\" data-e-type=\"widget\" data-widget_type=\"heading.default\">\n\t\t\t\t<div class=\"elementor-widget-container\">\n\t\t\t\t\t<h2 class=\"elementor-heading-title elementor-size-default\">FORMIRANjE PRODAJNE CENE GASA\n<\/h2>\t\t\t\t<\/div>\n\t\t\t\t<\/div>\n\t\t\t\t<div class=\"elementor-element elementor-element-ae8462c elementor-widget elementor-widget-text-editor\" data-id=\"ae8462c\" data-element_type=\"widget\" data-e-type=\"widget\" data-widget_type=\"text-editor.default\">\n\t\t\t\t<div class=\"elementor-widget-container\">\n\t\t\t\t\t\t\t\t\t<p class=\"western\" lang=\"sr-Latn-CS\" align=\"justify\"><span lang=\"en-US\">Za sve oblike javnog snabdevanja u koja su svrstana sva doma\u0107instva i mali poslovni potro\u0161a\u010di, cene odre\u0111uje Agencija za energetiku pri Ministarstvu energetike.<\/span><\/p><p class=\"western\" lang=\"sr-Latn-CS\" align=\"justify\"><span lang=\"en-US\">Osnovni princip kojim se rukovodi AERS prilikom odre\u0111ivanja prodajne cena gasa kod javnog snabdevanja za sve distributera u Srbiji je povezan sa:<\/span><\/p><ul><li><p class=\"western\" lang=\"sr-Latn-CS\" align=\"justify\"><span lang=\"en-US\">kretanjem kursa dolara prema dinaru,<\/span><\/p><\/li><li><p class=\"western\" lang=\"sr-Latn-CS\" align=\"justify\"><span lang=\"en-US\">kretanjem cene derivata nafte na svetskom tr\u017ei\u0161tu,<\/span><\/p><\/li><li><p class=\"western\" lang=\"sr-Latn-CS\" align=\"justify\"><span lang=\"en-US\">postoje\u0107om infrastrukturom i veli\u010dinom distributera za kojeg se utvr\u0111uje prodajna cena gasa prema krajnjim kupcima.<\/span><\/p><\/li><\/ul><p class=\"western\" lang=\"sr-Latn-CS\" align=\"justify\"><span lang=\"en-US\">Utvr\u0111ivanje cene kod\u00a0<\/span><span lang=\"sr-CS\">pomenutih<\/span><span lang=\"en-US\">\u00a0subjekata (doma\u0107instva i mali poslovni potro\u0161a\u010di) je isklju\u010divo diskreciono pravo i obaveza Agencije za energetiku koja postoji kao jedino regulatorno telo za ovu oblast energetike i na njene odluke ne mo\u017ee da uti\u010de nijedna distributerska ku\u0107a u Srbiji. Princip utvr\u0111ivanja ovih cena u Agencija za energetiku je programski utvr\u0111en u samoj Agenciji, sa velikim brojem faktora koji uti\u010du na precizno odre\u0111ivanje prodajn<\/span><span lang=\"sr-RS\">e<\/span><span lang=\"en-US\">\u00a0cen<\/span><span lang=\"sr-RS\">e<\/span><span lang=\"en-US\">\u00a0gasa, i nadalje podle\u017eu svim regulativama shodno novom Zakonu o potro\u0161a\u010dima (<\/span><span lang=\"sr-CS\">\u201e<\/span><span lang=\"en-US\">Sl<\/span><span lang=\"sr-CS\">u\u017ebeni\u00a0<\/span><span lang=\"en-US\">glasnik<\/span><span lang=\"sr-CS\">\u201c RS<\/span><span lang=\"en-US\">\u00a0br<\/span><span lang=\"sr-CS\">:\u00a0<\/span><span lang=\"en-US\">62\/2014), kada su u pitanju po\u010detak primene cene, na\u010din obave\u0161tavanja javnosti, potro\u0161a\u010da, itd.<\/span><\/p><p class=\"western\" lang=\"sr-Latn-CS\" align=\"justify\"><span lang=\"en-US\">Drugi princip utvr\u0111ivanja cena vezan je za tr\u017ei\u0161no dogovaranje i tr\u017ei\u0161no utvr\u0111ivanje cena kod velikih potro\u0161a\u010da.<\/span><span lang=\"sr-RS\">\u00a0JP\u00a0<\/span><span lang=\"en-US\">\u201eSrbijagas\u201c je kao ponu\u0111a\u010d gasa javnim distributerima\u00a0<\/span><span lang=\"sr-RS\">ponudio<\/span><span lang=\"en-US\">\u00a0cen<\/span><span lang=\"sr-RS\">u<\/span><span lang=\"en-US\">\u00a0gasa sa cenom kapaciteta<\/span>\u00a0<span lang=\"en-US\">razli\u010ditu za sve distributere u Srbiji prema njihovom zna\u010daju i veli\u010dini, pri \u010demu je definisana samo polazna nabavna cena gasa za svakog pojedina\u010dnog distributera izra\u017eena\u00a0<\/span><span lang=\"sr-RS\">u dinarskoj protivrednosti po srednjem kursu za ameri\u010dki dolar<\/span><span lang=\"en-US\">. Kako se na na\u0161em tr\u017ei\u0161tu kurs dolara\u00a0<\/span><span lang=\"sr-RS\">svakog meseca menja,<\/span><span lang=\"en-US\">\u00a0to prakti\u010dno zna\u010di da \u0107e nabavna cena gasa za sve ve\u0107e\u00a0<\/span><span lang=\"sr-RS\">distributere<\/span><span lang=\"en-US\">\u00a0u 2018. godini biti svakog meseca druga\u010dija i utvr\u0111ena na osnovu ovog kriterijuma, uzimaju\u0107i u obzir i kretanje cena naftnih derivata na svetskom tr\u017ei\u0161tu<\/span><span lang=\"sr-RS\">.<\/span><\/p><p class=\"western\" lang=\"sr-Latn-CS\" align=\"justify\"><span lang=\"en-US\">Distributeri u Srbiji nemaju mogu\u0107nosti uvida u metodologiju formiranja prodajn<\/span><span lang=\"sr-RS\">e<\/span><span lang=\"en-US\">\u00a0cen<\/span><span lang=\"sr-RS\">e<\/span><span lang=\"en-US\">\u00a0gasa od strane JKP \u201eSrbijagas\u201c-a, niti mogu\u0107nost provere ostalih parametara koji uti\u010du na formiranje te cene.<\/span><\/p><p class=\"western\" lang=\"sr-Latn-CS\" align=\"justify\"><span lang=\"en-US\">Utvr\u0111ivanje cene izme\u0111u\u00a0<\/span><span lang=\"sr-RS\">JKP \u201eSuboticagas\u201c<\/span><span lang=\"en-US\">\u00a0i velikih potro\u0161a\u010da (kupaca) defini\u0161e se ugovornim odnosom, pri \u010demu je u prodajnu cenu gasa, zavisno od veli\u010dine potro\u0161a\u010da, uklju\u010den i iznos za pokri\u0107e tro\u0161kova poslovanja distributera, kao i mre\u017earina i dodatak na kapacitet.<\/span><\/p><p class=\"western\" lang=\"sr-Latn-CS\" align=\"justify\"><span lang=\"en-US\">JKP\u00a0<\/span><span lang=\"sr-CS\">\u201e<\/span><span lang=\"en-US\">Suboticagas<\/span><span lang=\"sr-CS\">\u201c Subotica<\/span><span lang=\"en-US\">\u00a0je za 2018. godinu potpisao ugovor sa ve\u0107ino<\/span><span lang=\"sr-CS\">m<\/span><span lang=\"en-US\">\u00a0svojih\u00a0<\/span><span lang=\"sr-CS\">dosada\u0161njih<\/span><span lang=\"en-US\">\u00a0poslovnih potro\u0161a\u010da.<\/span><\/p><p class=\"western\" lang=\"sr-Latn-CS\" align=\"justify\"><span lang=\"en-US\">Pretpostavlja se da \u0107e ovaj vid tr\u017ei\u0161nog ugovaranja sa velikim poslovnim potro\u0161a\u010dima u godini u kojoj treba jo\u0161 vi\u0161e da za\u017eive tr\u017ei\u0161ni uslovi, biti promenljiv, uz mogu\u0107nost promene ugovornih uslova koji su za sada, u su\u0161tini, preneti ugovorni uslovi koje je\u00a0<\/span><span lang=\"sr-CS\">JP\u00a0<\/span><span lang=\"en-US\">\u201eSrbijagas\u201c odredio prema distributerima.<\/span><\/p>\t\t\t\t\t\t\t\t<\/div>\n\t\t\t\t<\/div>\n\t\t\t\t\t<\/div>\n\t\t\t\t<\/div>\n\t\t\t\t<\/div>","protected":false},"excerpt":{"rendered":"<p>Snabdevanje FORMIRANjE PRODAJNE CENE GASA Za sve oblike javnog snabdevanja u koja su svrstana sva doma\u0107instva i mali poslovni potro\u0161a\u010di, [&hellip;]<\/p>\n","protected":false},"author":1,"featured_media":0,"parent":0,"menu_order":0,"comment_status":"closed","ping_status":"closed","template":"","meta":{"site-sidebar-layout":"no-sidebar","site-content-layout":"page-builder","ast-site-content-layout":"full-width-container","site-content-style":"unboxed","site-sidebar-style":"unboxed","ast-global-header-display":"","ast-banner-title-visibility":"","ast-main-header-display":"","ast-hfb-above-header-display":"","ast-hfb-below-header-display":"","ast-hfb-mobile-header-display":"","site-post-title":"disabled","ast-breadcrumbs-content":"","ast-featured-img":"disabled","footer-sml-layout":"","ast-disable-related-posts":"","theme-transparent-header-meta":"enabled","adv-header-id-meta":"","stick-header-meta":"","header-above-stick-meta":"","header-main-stick-meta":"","header-below-stick-meta":"","astra-migrate-meta-layouts":"set","ast-page-background-enabled":"default","ast-page-background-meta":{"desktop":{"background-color":"","background-image":"","background-repeat":"repeat","background-position":"center center","background-size":"auto","background-attachment":"scroll","background-type":"","background-media":"","overlay-type":"","overlay-color":"","overlay-opacity":"","overlay-gradient":""},"tablet":{"background-color":"","background-image":"","background-repeat":"repeat","background-position":"center center","background-size":"auto","background-attachment":"scroll","background-type":"","background-media":"","overlay-type":"","overlay-color":"","overlay-opacity":"","overlay-gradient":""},"mobile":{"background-color":"","background-image":"","background-repeat":"repeat","background-position":"center center","background-size":"auto","background-attachment":"scroll","background-type":"","background-media":"","overlay-type":"","overlay-color":"","overlay-opacity":"","overlay-gradient":""}},"ast-content-background-meta":{"desktop":{"background-color":"var(--ast-global-color-5)","background-image":"","background-repeat":"repeat","background-position":"center center","background-size":"auto","background-attachment":"scroll","background-type":"","background-media":"","overlay-type":"","overlay-color":"","overlay-opacity":"","overlay-gradient":""},"tablet":{"background-color":"var(--ast-global-color-5)","background-image":"","background-repeat":"repeat","background-position":"center center","background-size":"auto","background-attachment":"scroll","background-type":"","background-media":"","overlay-type":"","overlay-color":"","overlay-opacity":"","overlay-gradient":""},"mobile":{"background-color":"var(--ast-global-color-5)","background-image":"","background-repeat":"repeat","background-position":"center center","background-size":"auto","background-attachment":"scroll","background-type":"","background-media":"","overlay-type":"","overlay-color":"","overlay-opacity":"","overlay-gradient":""}},"footnotes":""},"class_list":["post-5599","page","type-page","status-publish","hentry"],"_links":{"self":[{"href":"https:\/\/suboticagas.co.rs\/eng\/wp-json\/wp\/v2\/pages\/5599","targetHints":{"allow":["GET"]}}],"collection":[{"href":"https:\/\/suboticagas.co.rs\/eng\/wp-json\/wp\/v2\/pages"}],"about":[{"href":"https:\/\/suboticagas.co.rs\/eng\/wp-json\/wp\/v2\/types\/page"}],"author":[{"embeddable":true,"href":"https:\/\/suboticagas.co.rs\/eng\/wp-json\/wp\/v2\/users\/1"}],"replies":[{"embeddable":true,"href":"https:\/\/suboticagas.co.rs\/eng\/wp-json\/wp\/v2\/comments?post=5599"}],"version-history":[{"count":4,"href":"https:\/\/suboticagas.co.rs\/eng\/wp-json\/wp\/v2\/pages\/5599\/revisions"}],"predecessor-version":[{"id":5603,"href":"https:\/\/suboticagas.co.rs\/eng\/wp-json\/wp\/v2\/pages\/5599\/revisions\/5603"}],"wp:attachment":[{"href":"https:\/\/suboticagas.co.rs\/eng\/wp-json\/wp\/v2\/media?parent=5599"}],"curies":[{"name":"wp","href":"https:\/\/api.w.org\/{rel}","templated":true}]}}