{"id":5696,"date":"2026-03-15T22:15:30","date_gmt":"2026-03-15T22:15:30","guid":{"rendered":"https:\/\/sub.alfasoft.rs\/?page_id=5696"},"modified":"2026-03-20T09:02:59","modified_gmt":"2026-03-20T09:02:59","slug":"%d0%bf%d1%80%d0%be%d0%bf%d0%b8%d1%81%d0%b8","status":"publish","type":"page","link":"https:\/\/suboticagas.co.rs\/eng\/%d0%bf%d1%80%d0%be%d0%bf%d0%b8%d1%81%d0%b8\/","title":{"rendered":"Regulations"},"content":{"rendered":"<div data-elementor-type=\"wp-post\" data-elementor-id=\"5696\" class=\"elementor elementor-5696\">\n\t\t\t\t<div class=\"elementor-element elementor-element-5f02ddf e-flex e-con-boxed e-con e-parent\" data-id=\"5f02ddf\" data-element_type=\"container\" data-e-type=\"container\" data-settings=\"{&quot;background_background&quot;:&quot;classic&quot;}\">\n\t\t\t\t\t<div class=\"e-con-inner\">\n\t\t<div class=\"elementor-element elementor-element-0502d81 e-con-full e-flex e-con e-child\" data-id=\"0502d81\" data-element_type=\"container\" data-e-type=\"container\">\n\t\t\t\t<div class=\"elementor-element elementor-element-03d202b elementor-widget elementor-widget-heading\" data-id=\"03d202b\" data-element_type=\"widget\" data-e-type=\"widget\" data-widget_type=\"heading.default\">\n\t\t\t\t<div class=\"elementor-widget-container\">\n\t\t\t\t\t<h1 class=\"elementor-heading-title elementor-size-default\">Regulations<\/h1>\t\t\t\t<\/div>\n\t\t\t\t<\/div>\n\t\t\t\t<\/div>\n\t\t\t\t\t<\/div>\n\t\t\t\t<\/div>\n\t\t<div class=\"elementor-element elementor-element-356126a e-flex e-con-boxed e-con e-parent\" data-id=\"356126a\" data-element_type=\"container\" data-e-type=\"container\">\n\t\t\t\t\t<div class=\"e-con-inner\">\n\t\t<div class=\"elementor-element elementor-element-0d8990d e-con-full e-flex e-con e-child\" data-id=\"0d8990d\" data-element_type=\"container\" data-e-type=\"container\">\n\t\t\t\t<div class=\"elementor-element elementor-element-284147f elementor-widget elementor-widget-heading\" data-id=\"284147f\" data-element_type=\"widget\" data-e-type=\"widget\" data-widget_type=\"heading.default\">\n\t\t\t\t<div class=\"elementor-widget-container\">\n\t\t\t\t\t<h2 class=\"elementor-heading-title elementor-size-default\"> Legislative Framework in Application<\/h2>\t\t\t\t<\/div>\n\t\t\t\t<\/div>\n\t\t\t\t<\/div>\n\t\t\t\t\t<\/div>\n\t\t\t\t<\/div>\n\t\t<div class=\"elementor-element elementor-element-cefe949 e-flex e-con-boxed e-con e-parent\" data-id=\"cefe949\" data-element_type=\"container\" data-e-type=\"container\">\n\t\t\t\t\t<div class=\"e-con-inner\">\n\t\t\t\t<div class=\"elementor-element elementor-element-062bcc4 elementor-widget elementor-widget-text-editor\" data-id=\"062bcc4\" data-element_type=\"widget\" data-e-type=\"widget\" data-widget_type=\"text-editor.default\">\n\t\t\t\t<div class=\"elementor-widget-container\">\n\t\t\t\t\t\t\t\t\t<ul><li>Zakon o energetici (\u201eSl. glasnik RS\u201c, br. 145\/2014, 95\/2018 \u2013 dr.zakon i 40\/2021 35\/2023 \u2013 dr. zakon, 62\/2023 i 94\/2024).<\/li><li>Uredba o utvr\u0111ivanju elemenata\u00a0 godi\u0161njeg programa poslovanja za 2025. godinu, odnosno trogodi\u0161njeg\u00a0 programa poslovanja za period 2025-2027. godine javnih preduze\u0107a i drugih oblika organizovanja koji obavljaju delatnost od op\u0161teg interesa (\u201eSl.glasnik RS\u201c br. 97\/2021),<\/li><li>Poseban kolektivnoi ugovor za javna preduze\u0107a u komumanalnoj delatnosti na teritoriji RS (\u201eSl.glasnik RS\u201c br. 30\/2021),<\/li><li>Poseban kolektivni ugovor za javna i javno komunalna preduze\u0111a Grada Subotice sa zaklju\u010denim Aneksima I, II, III i IV (\u201eSl.glasnik RS\u201c br. od 30.01.2015.godine,<\/li><li>Kolektivni ugovor za JKP \u201eSuboticagas\u201c Subotica 37-8\/21 sa Aneksima I, II, III\u00a0 i Sporazum o produ\u017eenju roka va\u017eenja Kolektivnog ugovora za JKP \u201eSuboticagas\u201c broj: 124-5\/2025 od 06.03.2025.godine,<\/li><li>Metodologija za odre\u0111ivanje tro\u0161kova priklju\u010denja na sistem za transport i distribuciju prirodnog gasa (\u201eSl.glasnik RS\u201c, br. 42\/16),<\/li><li>Metodologija za odre\u0111ivanje cene pristupa sistemu za distribuciju prirodnog gasa (\u201eSl.glasnik RS\u201c, br. 105\/16, 29\/17 i 78\/22),<\/li><li>Metodologija za odre\u0111ivanje cene pristupa sistemu za transport prirodnog gasa (\u201eSl.glasnik RS\u201c, br. 12\/25),<\/li><li>Metodologija za odre\u0111ivanje cene prirodnog gasa za javno snabdevanje (\u201eSl.glasnik RS\u201c, br. 75\/14, 105\/16 i 108\/16, 29\/17),<\/li><li>Zakon o bud\u017eetu Republike Srbije za 2025. godinu (\u201eSl.glasnik RS\u201c, br. 94\/2024),<\/li><li>Zakon o izmenama i dopunama Zakona o bud\u017eetskom sistemu Republike Srbije (\u201eSl.glasnik RS\u201c, 94\/2024),<\/li><li>Zakon o radu (\u201cSl.glasnik RS\u201d, br. 24\/05,61\/05 i 75\/14,13\/17-Odluka US, 113\/17 i 95\/18- autenti\u010dno tuma\u010denje),<\/li><li>Zakon o javnim nabavkama (\u201cSl.glasnik RS\u201d, br.91\/2019 I 92\/2023),<\/li><li>Zakon o komunalnim delatnostima (\u201cSl.glasnik RS\u201d, br 88\/11, 104\/16 ,\u00a095\/18 i 94\/24),<\/li><li>Zakon o javnim preduze\u0107ima (\u201cSl.glasnik RS\u201d, br. 15\/16 i 88\/19),<\/li><li>Zakon o ra\u010dunovodstvu (\u201cSl.glasnik RS\u201d, br. 73\/2019 i 44\/21 dr. zakon),<\/li><li>Zakon o reviziji (\u201eSl.glasnik RS\u201c, br. 73\/2019),,<\/li><li>Zakon o naknadama za kori\u0161\u0107enje javnih dobara (\u201eSlu\u017ebeni glasnik RS\u201c brj 95\/2018 i 86\/2019-uskla\u0111eni din.iznosi, 156\/2020 \u2013 uskla\u0111eni din.iznosi., 15\/2021 \u2013 dop. uskla\u0111enih din.iznosa., 15\/2023 \u2013 uskla\u0111eni din.iznosi, 92\/2023, 120\/2023 \u2013 uskla\u0111eni din.iznosi. i 99\/2024 \u2013 uskla\u0111eni din.iznosi),<\/li><li>Uredba o kriterijumima za odre\u0111ivanje aktivnosti koje uti\u010du na \u017eivotnu sredinu prema stepenu negativnog uticaja na \u017eivotnu sredinu koji nastaje obavljanjem aktivnosti, iznosima naknada, uslovima za njeno umanjenje, kao i o kriterijumima koji su od zna\u010daja za uticaj fizi\u010dkih lica na \u017eivotnu sredinu (\u201eSl.glasnik RS\u201c broj 30\/2024),<\/li><li>Podzakonska i interna akta koje JKP primenjuje (Statut Preduze\u0107a; Pravilnik o organizaciji ra\u010dunovodstva i ra\u010dunovodstvenim politikama i internoj reviziji u JKP \u201eSuboticagas\u201e Subotica broj 218\/2025 od 16.06.2025. godine Pravilnik o bli\u017eem ure\u0111enju planiranja javnih nabavki, sprovo\u0111enja postupaka javnih nabavki i pra\u0107enja izvr\u0161enja ugovora o javnim nabavkama broj 331\/2024 od 24.10.2024. godine, Pravilnik o bli\u017eem ure\u0111enju nabavki na koje se Zakon o javnim nabavkama ne primenjuje broj 332\/24 od 24.10.2025. godine.<\/li><\/ul>\t\t\t\t\t\t\t\t<\/div>\n\t\t\t\t<\/div>\n\t\t\t\t\t<\/div>\n\t\t\t\t<\/div>\n\t\t\t\t<\/div>","protected":false},"excerpt":{"rendered":"<p>Propisi ZAKONSKI OKVIR U PRIMENI Zakon o energetici (\u201eSl. glasnik RS\u201c, br. 145\/2014, 95\/2018 \u2013 dr.zakon i 40\/2021 35\/2023 \u2013 [&hellip;]<\/p>\n","protected":false},"author":1,"featured_media":0,"parent":0,"menu_order":0,"comment_status":"closed","ping_status":"closed","template":"","meta":{"site-sidebar-layout":"no-sidebar","site-content-layout":"page-builder","ast-site-content-layout":"full-width-container","site-content-style":"unboxed","site-sidebar-style":"unboxed","ast-global-header-display":"","ast-banner-title-visibility":"","ast-main-header-display":"","ast-hfb-above-header-display":"","ast-hfb-below-header-display":"","ast-hfb-mobile-header-display":"","site-post-title":"disabled","ast-breadcrumbs-content":"","ast-featured-img":"disabled","footer-sml-layout":"","ast-disable-related-posts":"","theme-transparent-header-meta":"enabled","adv-header-id-meta":"","stick-header-meta":"","header-above-stick-meta":"","header-main-stick-meta":"","header-below-stick-meta":"","astra-migrate-meta-layouts":"set","ast-page-background-enabled":"default","ast-page-background-meta":{"desktop":{"background-color":"","background-image":"","background-repeat":"repeat","background-position":"center center","background-size":"auto","background-attachment":"scroll","background-type":"","background-media":"","overlay-type":"","overlay-color":"","overlay-opacity":"","overlay-gradient":""},"tablet":{"background-color":"","background-image":"","background-repeat":"repeat","background-position":"center center","background-size":"auto","background-attachment":"scroll","background-type":"","background-media":"","overlay-type":"","overlay-color":"","overlay-opacity":"","overlay-gradient":""},"mobile":{"background-color":"","background-image":"","background-repeat":"repeat","background-position":"center center","background-size":"auto","background-attachment":"scroll","background-type":"","background-media":"","overlay-type":"","overlay-color":"","overlay-opacity":"","overlay-gradient":""}},"ast-content-background-meta":{"desktop":{"background-color":"var(--ast-global-color-5)","background-image":"","background-repeat":"repeat","background-position":"center center","background-size":"auto","background-attachment":"scroll","background-type":"","background-media":"","overlay-type":"","overlay-color":"","overlay-opacity":"","overlay-gradient":""},"tablet":{"background-color":"var(--ast-global-color-5)","background-image":"","background-repeat":"repeat","background-position":"center center","background-size":"auto","background-attachment":"scroll","background-type":"","background-media":"","overlay-type":"","overlay-color":"","overlay-opacity":"","overlay-gradient":""},"mobile":{"background-color":"var(--ast-global-color-5)","background-image":"","background-repeat":"repeat","background-position":"center center","background-size":"auto","background-attachment":"scroll","background-type":"","background-media":"","overlay-type":"","overlay-color":"","overlay-opacity":"","overlay-gradient":""}},"footnotes":""},"class_list":["post-5696","page","type-page","status-publish","hentry"],"_links":{"self":[{"href":"https:\/\/suboticagas.co.rs\/eng\/wp-json\/wp\/v2\/pages\/5696","targetHints":{"allow":["GET"]}}],"collection":[{"href":"https:\/\/suboticagas.co.rs\/eng\/wp-json\/wp\/v2\/pages"}],"about":[{"href":"https:\/\/suboticagas.co.rs\/eng\/wp-json\/wp\/v2\/types\/page"}],"author":[{"embeddable":true,"href":"https:\/\/suboticagas.co.rs\/eng\/wp-json\/wp\/v2\/users\/1"}],"replies":[{"embeddable":true,"href":"https:\/\/suboticagas.co.rs\/eng\/wp-json\/wp\/v2\/comments?post=5696"}],"version-history":[{"count":7,"href":"https:\/\/suboticagas.co.rs\/eng\/wp-json\/wp\/v2\/pages\/5696\/revisions"}],"predecessor-version":[{"id":5849,"href":"https:\/\/suboticagas.co.rs\/eng\/wp-json\/wp\/v2\/pages\/5696\/revisions\/5849"}],"wp:attachment":[{"href":"https:\/\/suboticagas.co.rs\/eng\/wp-json\/wp\/v2\/media?parent=5696"}],"curies":[{"name":"wp","href":"https:\/\/api.w.org\/{rel}","templated":true}]}}