{"id":5221,"date":"2026-03-11T23:21:25","date_gmt":"2026-03-11T23:21:25","guid":{"rendered":"https:\/\/sub.alfasoft.rs\/?page_id=5221"},"modified":"2026-03-11T23:22:47","modified_gmt":"2026-03-11T23:22:47","slug":"%d0%bf%d0%be%d0%bb%d0%b8%d1%82%d0%b8%d0%ba%d0%b0-%d0%ba%d0%b2%d0%b0%d0%bb%d0%b8%d1%82%d0%b5%d1%82%d0%b0","status":"publish","type":"page","link":"https:\/\/suboticagas.co.rs\/hun\/%d0%bf%d0%be%d0%bb%d0%b8%d1%82%d0%b8%d0%ba%d0%b0-%d0%ba%d0%b2%d0%b0%d0%bb%d0%b8%d1%82%d0%b5%d1%82%d0%b0\/","title":{"rendered":"Min\u0151s\u00e9gpolitika"},"content":{"rendered":"<div data-elementor-type=\"wp-post\" data-elementor-id=\"5221\" class=\"elementor elementor-5221\">\n\t\t\t\t<div class=\"elementor-element elementor-element-5f02ddf e-flex e-con-boxed e-con e-parent\" data-id=\"5f02ddf\" data-element_type=\"container\" data-e-type=\"container\" data-settings=\"{&quot;background_background&quot;:&quot;classic&quot;}\">\n\t\t\t\t\t<div class=\"e-con-inner\">\n\t\t<div class=\"elementor-element elementor-element-0502d81 e-con-full e-flex e-con e-child\" data-id=\"0502d81\" data-element_type=\"container\" data-e-type=\"container\">\n\t\t\t\t<div class=\"elementor-element elementor-element-03d202b elementor-widget elementor-widget-heading\" data-id=\"03d202b\" data-element_type=\"widget\" data-e-type=\"widget\" data-widget_type=\"heading.default\">\n\t\t\t\t<div class=\"elementor-widget-container\">\n\t\t\t\t\t<h1 class=\"elementor-heading-title elementor-size-default\">Min\u0151s\u00e9gpolitika<\/h1>\t\t\t\t<\/div>\n\t\t\t\t<\/div>\n\t\t\t\t<\/div>\n\t\t\t\t\t<\/div>\n\t\t\t\t<\/div>\n\t\t<div class=\"elementor-element elementor-element-204b6fe e-flex e-con-boxed e-con e-parent\" data-id=\"204b6fe\" data-element_type=\"container\" data-e-type=\"container\">\n\t\t\t\t\t<div class=\"e-con-inner\">\n\t\t\t\t<div class=\"elementor-element elementor-element-b053444 elementor-widget elementor-widget-heading\" data-id=\"b053444\" data-element_type=\"widget\" data-e-type=\"widget\" data-widget_type=\"heading.default\">\n\t\t\t\t<div class=\"elementor-widget-container\">\n\t\t\t\t\t<h2 class=\"elementor-heading-title elementor-size-default\">POLITIKA KVALITETA, ZA\u0160TITE \u017dIVOTNE SREDINE I BEZBEDNOSTI I ZDRAVLJA NA RADU<\/h2>\t\t\t\t<\/div>\n\t\t\t\t<\/div>\n\t\t\t\t\t<\/div>\n\t\t\t\t<\/div>\n\t\t<div class=\"elementor-element elementor-element-89d4f2b e-flex e-con-boxed e-con e-parent\" data-id=\"89d4f2b\" data-element_type=\"container\" data-e-type=\"container\">\n\t\t\t\t\t<div class=\"e-con-inner\">\n\t\t\t\t<div class=\"elementor-element elementor-element-4e1899b elementor-widget elementor-widget-text-editor\" data-id=\"4e1899b\" data-element_type=\"widget\" data-e-type=\"widget\" data-widget_type=\"text-editor.default\">\n\t\t\t\t<div class=\"elementor-widget-container\">\n\t\t\t\t\t\t\t\t\t<p><strong>Politika kvaliteta, za\u0161tite \u017eivotne sredine i bezbednosti i zdravlja zaposlenih u JKP \u201cSUBOTICAGAS\u201d Subotica zasnovana je na slede\u0107im principima:<\/strong><\/p><ol><li>stalna briga za na\u0161e korisnike\/kupce;<\/li><li>odr\u017eavanje i unapre\u0111enje kvaliteta pru\u017eenih usluga i isporu\u010denih proizvoda;<\/li><li>unapre\u0111enje svih poslovnih procesa;<\/li><li>o\u010duvanje radne i \u017eivotne sredine;<\/li><li>A munkav\u00e1llal\u00f3k biztons\u00e1g\u00e1\u00e9rt \u00e9s eg\u00e9szs\u00e9g\u00e9\u00e9rt val\u00f3 folyamatos gondoskod\u00e1s.<\/li><\/ol><p><strong>Ciljevi kvaliteta, za\u0161tite \u017eivotne sredine i bezbednosti i zdravlja zaposlenih u JKP \u201eSUBOTICAGAS\u201c su:<\/strong><\/p><ul><li>Zadovoljenje zahteva, potreba i o\u010dekivanja korisnika na\u0161ih usluga i odr\u017eavanje njihovog zadovoljstva;<\/li><li>Negovanje odnosa sa korisnicima na\u0161ih usluga na osnovama uzajamnog poverenja:<\/li><li>Unapre\u0111enje tehnologije rada primenom savremenih metoda i opreme za rad \u0161to doprinosi pove\u0107anju efektivnosti i efikasnosti;<\/li><li>Potpuno u\u010de\u0161\u0107e menad\u017ementa u realizaciji postavljenih ciljeva i planova;<\/li><li>Aktivno anga\u017eovanje svih zaposlenih;<\/li><li>Neprekidno preispitivanje i uskla\u0111ivanje ciljeva organizacije sa zahtevima i o\u010dekivanjima tr\u017ei\u0161ta;<\/li><li>Neprekidno stru\u010dno usavr\u0161avanje i obrazovanje zaposlenih;<\/li><li>Za\u0161tita i unapre\u0111enje radne sredine i briga za bezbednost i zdravlje na radu;<\/li><li>Stalno pra\u0107enje i unapre\u0111enje integrisanog sistema menad\u017ementa;<\/li><li>Podizanje i \u0161irenje svesti o zna\u010daju za\u0161tite \u017eivotne sredine i bezbednosti i zdravlja zaposlenih;<\/li><li>Primena procesnog pristupa i razmi\u0161ljanja zasnovanog na riziku;<\/li><li>Smanjenje ukupnog otpada, kao i uklanjanje otpada koji ne mo\u017ee biti prera\u0111en na na\u010din koji ne ugro\u017eava \u017eivotnu sredinu;<\/li><li>Unapre\u0111enje organizacije rada u cilju racionalnog kori\u0161\u0107enja repromaterijala, energije i vode, smanjenje emisija u vazduh i spre\u010davanje zaga\u0111enja vode i zemlji\u0161ta;<\/li><li>Dosledno po\u0161tovanje zakona, propisa, kodeksa, standarda iz oblasti za\u0161tite \u017eivotne sredine, bezbednosti i zdravlja na radu, delatnosti privrednog dru\u0161tva, kao i ugovorenih obaveza.<\/li><\/ul>\t\t\t\t\t\t\t\t<\/div>\n\t\t\t\t<\/div>\n\t\t\t\t\t<\/div>\n\t\t\t\t<\/div>\n\t\t\t\t<\/div>","protected":false},"excerpt":{"rendered":"<p>Politika kvaliteta POLITIKA KVALITETA, ZA\u0160TITE \u017dIVOTNE SREDINE I BEZBEDNOSTI I ZDRAVLJA NA RADU Politika kvaliteta, za\u0161tite \u017eivotne sredine i bezbednosti [&hellip;]<\/p>\n","protected":false},"author":1,"featured_media":0,"parent":0,"menu_order":0,"comment_status":"closed","ping_status":"closed","template":"","meta":{"site-sidebar-layout":"no-sidebar","site-content-layout":"page-builder","ast-site-content-layout":"full-width-container","site-content-style":"unboxed","site-sidebar-style":"unboxed","ast-global-header-display":"","ast-banner-title-visibility":"","ast-main-header-display":"","ast-hfb-above-header-display":"","ast-hfb-below-header-display":"","ast-hfb-mobile-header-display":"","site-post-title":"disabled","ast-breadcrumbs-content":"","ast-featured-img":"disabled","footer-sml-layout":"","ast-disable-related-posts":"","theme-transparent-header-meta":"enabled","adv-header-id-meta":"","stick-header-meta":"","header-above-stick-meta":"","header-main-stick-meta":"","header-below-stick-meta":"","astra-migrate-meta-layouts":"set","ast-page-background-enabled":"default","ast-page-background-meta":{"desktop":{"background-color":"","background-image":"","background-repeat":"repeat","background-position":"center center","background-size":"auto","background-attachment":"scroll","background-type":"","background-media":"","overlay-type":"","overlay-color":"","overlay-opacity":"","overlay-gradient":""},"tablet":{"background-color":"","background-image":"","background-repeat":"repeat","background-position":"center center","background-size":"auto","background-attachment":"scroll","background-type":"","background-media":"","overlay-type":"","overlay-color":"","overlay-opacity":"","overlay-gradient":""},"mobile":{"background-color":"","background-image":"","background-repeat":"repeat","background-position":"center center","background-size":"auto","background-attachment":"scroll","background-type":"","background-media":"","overlay-type":"","overlay-color":"","overlay-opacity":"","overlay-gradient":""}},"ast-content-background-meta":{"desktop":{"background-color":"var(--ast-global-color-5)","background-image":"","background-repeat":"repeat","background-position":"center center","background-size":"auto","background-attachment":"scroll","background-type":"","background-media":"","overlay-type":"","overlay-color":"","overlay-opacity":"","overlay-gradient":""},"tablet":{"background-color":"var(--ast-global-color-5)","background-image":"","background-repeat":"repeat","background-position":"center center","background-size":"auto","background-attachment":"scroll","background-type":"","background-media":"","overlay-type":"","overlay-color":"","overlay-opacity":"","overlay-gradient":""},"mobile":{"background-color":"var(--ast-global-color-5)","background-image":"","background-repeat":"repeat","background-position":"center center","background-size":"auto","background-attachment":"scroll","background-type":"","background-media":"","overlay-type":"","overlay-color":"","overlay-opacity":"","overlay-gradient":""}},"footnotes":""},"class_list":["post-5221","page","type-page","status-publish","hentry"],"_links":{"self":[{"href":"https:\/\/suboticagas.co.rs\/hun\/wp-json\/wp\/v2\/pages\/5221","targetHints":{"allow":["GET"]}}],"collection":[{"href":"https:\/\/suboticagas.co.rs\/hun\/wp-json\/wp\/v2\/pages"}],"about":[{"href":"https:\/\/suboticagas.co.rs\/hun\/wp-json\/wp\/v2\/types\/page"}],"author":[{"embeddable":true,"href":"https:\/\/suboticagas.co.rs\/hun\/wp-json\/wp\/v2\/users\/1"}],"replies":[{"embeddable":true,"href":"https:\/\/suboticagas.co.rs\/hun\/wp-json\/wp\/v2\/comments?post=5221"}],"version-history":[{"count":4,"href":"https:\/\/suboticagas.co.rs\/hun\/wp-json\/wp\/v2\/pages\/5221\/revisions"}],"predecessor-version":[{"id":5241,"href":"https:\/\/suboticagas.co.rs\/hun\/wp-json\/wp\/v2\/pages\/5221\/revisions\/5241"}],"wp:attachment":[{"href":"https:\/\/suboticagas.co.rs\/hun\/wp-json\/wp\/v2\/media?parent=5221"}],"curies":[{"name":"wp","href":"https:\/\/api.w.org\/{rel}","templated":true}]}}