{"id":5222,"date":"2026-03-11T23:06:31","date_gmt":"2026-03-11T23:06:31","guid":{"rendered":"https:\/\/sub.alfasoft.rs\/?page_id=5222"},"modified":"2026-03-11T23:15:56","modified_gmt":"2026-03-11T23:15:56","slug":"%d0%bc%d0%b8%d1%81%d0%b8%d1%98%d0%b0-%d0%b8-%d0%b2%d0%b8%d0%b7%d0%b8%d1%98%d0%b0","status":"publish","type":"page","link":"https:\/\/suboticagas.co.rs\/hun\/%d0%bc%d0%b8%d1%81%d0%b8%d1%98%d0%b0-%d0%b8-%d0%b2%d0%b8%d0%b7%d0%b8%d1%98%d0%b0\/","title":{"rendered":"K\u00fcldet\u00e9s \u00e9s j\u00f6v\u0151k\u00e9p"},"content":{"rendered":"<div data-elementor-type=\"wp-post\" data-elementor-id=\"5222\" class=\"elementor elementor-5222\">\n\t\t\t\t<div class=\"elementor-element elementor-element-ecdc542 e-flex e-con-boxed e-con e-parent\" data-id=\"ecdc542\" data-element_type=\"container\" data-e-type=\"container\" data-settings=\"{&quot;background_background&quot;:&quot;classic&quot;}\">\n\t\t\t\t\t<div class=\"e-con-inner\">\n\t\t<div class=\"elementor-element elementor-element-341f31e e-con-full e-flex e-con e-child\" data-id=\"341f31e\" data-element_type=\"container\" data-e-type=\"container\">\n\t\t\t\t<div class=\"elementor-element elementor-element-c607c23 elementor-widget elementor-widget-heading\" data-id=\"c607c23\" data-element_type=\"widget\" data-e-type=\"widget\" data-widget_type=\"heading.default\">\n\t\t\t\t<div class=\"elementor-widget-container\">\n\t\t\t\t\t<h1 class=\"elementor-heading-title elementor-size-default\">K\u00fcldet\u00e9s \u00e9s j\u00f6v\u0151k\u00e9p<\/h1>\t\t\t\t<\/div>\n\t\t\t\t<\/div>\n\t\t\t\t<\/div>\n\t\t\t\t\t<\/div>\n\t\t\t\t<\/div>\n\t\t<div class=\"elementor-element elementor-element-1ea260a e-flex e-con-boxed e-con e-parent\" data-id=\"1ea260a\" data-element_type=\"container\" data-e-type=\"container\">\n\t\t\t\t\t<div class=\"e-con-inner\">\n\t\t<div class=\"elementor-element elementor-element-53e9612 e-con-full e-flex e-con e-child\" data-id=\"53e9612\" data-element_type=\"container\" data-e-type=\"container\">\n\t\t\t\t<div class=\"elementor-element elementor-element-7179047 elementor-widget elementor-widget-heading\" data-id=\"7179047\" data-element_type=\"widget\" data-e-type=\"widget\" data-widget_type=\"heading.default\">\n\t\t\t\t<div class=\"elementor-widget-container\">\n\t\t\t\t\t<h2 class=\"elementor-heading-title elementor-size-default\">K\u00fcldet\u00e9s \u00e9s j\u00f6v\u0151k\u00e9p<\/h2>\t\t\t\t<\/div>\n\t\t\t\t<\/div>\n\t\t\t\t<div class=\"elementor-element elementor-element-9db05f7 elementor-widget-divider--view-line elementor-widget elementor-widget-divider\" data-id=\"9db05f7\" data-element_type=\"widget\" data-e-type=\"widget\" data-widget_type=\"divider.default\">\n\t\t\t\t<div class=\"elementor-widget-container\">\n\t\t\t\t\t\t\t<div class=\"elementor-divider\">\n\t\t\t<span class=\"elementor-divider-separator\">\n\t\t\t\t\t\t<\/span>\n\t\t<\/div>\n\t\t\t\t\t\t<\/div>\n\t\t\t\t<\/div>\n\t\t\t\t<div class=\"elementor-element elementor-element-18e4ffe elementor-widget elementor-widget-text-editor\" data-id=\"18e4ffe\" data-element_type=\"widget\" data-e-type=\"widget\" data-widget_type=\"text-editor.default\">\n\t\t\t\t<div class=\"elementor-widget-container\">\n\t\t\t\t\t\t\t\t\t<p><strong>K\u00fcldet\u00e9s<\/strong> preduze\u0107a pretpostavlja kako odr\u017eavanje postoje\u0107eg tehnolo\u0161kog nivoa distributivne mre\u017ee, tako i njeno pro\u0161irenje.<\/p><p><strong>J\u00f6v\u0151k\u00e9p<\/strong> \u201eSuboticagas\u201c-a je prvenstveno \u017eelja da ime preduze\u0107a bude sinonim za pouzdanost i kvalitet u poslovanju. Te\u017ei\u0107e se ka tome da JKP \u201eSuboticagas\u201c u narednom periodu i dalje bude poslovno uspe\u0161an distributer gasa koji u novonastalim tr\u017ei\u0161nim uslovima jasno defini\u0161e svoje tehnolo\u0161ke, organizacione i tr\u017ei\u0161ne prednosti u distribuciji prirodnog gasa na teritoriji grada Subotice.<\/p>\t\t\t\t\t\t\t\t<\/div>\n\t\t\t\t<\/div>\n\t\t\t\t<\/div>\n\t\t\t\t\t<\/div>\n\t\t\t\t<\/div>\n\t\t<div class=\"elementor-element elementor-element-763a77a e-flex e-con-boxed e-con e-parent\" data-id=\"763a77a\" data-element_type=\"container\" data-e-type=\"container\">\n\t\t\t\t\t<div class=\"e-con-inner\">\n\t\t<div class=\"elementor-element elementor-element-b19ea39 e-con-full e-flex e-con e-child\" data-id=\"b19ea39\" data-element_type=\"container\" data-e-type=\"container\">\n\t\t\t\t<div class=\"elementor-element elementor-element-f99f203 elementor-widget elementor-widget-image\" data-id=\"f99f203\" data-element_type=\"widget\" data-e-type=\"widget\" data-widget_type=\"image.default\">\n\t\t\t\t<div class=\"elementor-widget-container\">\n\t\t\t\t\t\t\t\t\t\t\t\t\t\t\t<img fetchpriority=\"high\" decoding=\"async\" width=\"800\" height=\"800\" src=\"https:\/\/suboticagas.co.rs\/wp-content\/uploads\/2026\/03\/3.jpg\" class=\"attachment-large size-large wp-image-1689\" alt=\"3\" srcset=\"https:\/\/suboticagas.co.rs\/wp-content\/uploads\/2026\/03\/3.jpg 800w, https:\/\/suboticagas.co.rs\/wp-content\/uploads\/2026\/03\/3-300x300.jpg 300w, https:\/\/suboticagas.co.rs\/wp-content\/uploads\/2026\/03\/3-150x150.jpg 150w, https:\/\/suboticagas.co.rs\/wp-content\/uploads\/2026\/03\/3-768x768.jpg 768w\" sizes=\"(max-width: 800px) 100vw, 800px\" title=\"K\u00fcldet\u00e9s \u00e9s j\u00f6v\u0151k\u00e9p\">\t\t\t\t\t\t\t\t\t\t\t\t\t\t\t<\/div>\n\t\t\t\t<\/div>\n\t\t\t\t<div class=\"elementor-element elementor-element-52d50d4 elementor-widget elementor-widget-hfe-infocard\" data-id=\"52d50d4\" data-element_type=\"widget\" data-e-type=\"widget\" data-widget_type=\"hfe-infocard.default\">\n\t\t\t\t<div class=\"elementor-widget-container\">\n\t\t\t\t\t\n\t\t<div class=\"hfe-infocard\">\n\t\t\t\t\t\t\t\t\t<div class=\"hfe-infocard-text-wrap\">\n\t\t\t\t<div class=\"hfe-infocard-text elementor-inline-editing\" data-elementor-setting-key=\"infocard_description\" data-elementor-inline-editing-toolbar=\"advanced\">\n\t\t\t\t\t\t\t\t\t<\/div>\n\t\t\t\t\t\t\t<\/div>\n\t\t<\/div>\n\n\t\t\t\t\t\t<\/div>\n\t\t\t\t<\/div>\n\t\t\t\t<\/div>\n\t\t<div class=\"elementor-element elementor-element-ec35598 e-con-full e-flex e-con e-child\" data-id=\"ec35598\" data-element_type=\"container\" data-e-type=\"container\">\n\t\t\t\t<div class=\"elementor-element elementor-element-2d2b862 elementor-widget elementor-widget-image\" data-id=\"2d2b862\" data-element_type=\"widget\" data-e-type=\"widget\" data-widget_type=\"image.default\">\n\t\t\t\t<div class=\"elementor-widget-container\">\n\t\t\t\t\t\t\t\t\t\t\t\t\t\t\t<img decoding=\"async\" width=\"800\" height=\"800\" src=\"https:\/\/suboticagas.co.rs\/wp-content\/uploads\/2026\/03\/5.jpg\" class=\"attachment-large size-large wp-image-1691\" alt=\"5\" srcset=\"https:\/\/suboticagas.co.rs\/wp-content\/uploads\/2026\/03\/5.jpg 800w, https:\/\/suboticagas.co.rs\/wp-content\/uploads\/2026\/03\/5-300x300.jpg 300w, https:\/\/suboticagas.co.rs\/wp-content\/uploads\/2026\/03\/5-150x150.jpg 150w, https:\/\/suboticagas.co.rs\/wp-content\/uploads\/2026\/03\/5-768x768.jpg 768w\" sizes=\"(max-width: 800px) 100vw, 800px\" title=\"K\u00fcldet\u00e9s \u00e9s j\u00f6v\u0151k\u00e9p\">\t\t\t\t\t\t\t\t\t\t\t\t\t\t\t<\/div>\n\t\t\t\t<\/div>\n\t\t\t\t<div class=\"elementor-element elementor-element-e61f6c2 elementor-widget elementor-widget-hfe-infocard\" data-id=\"e61f6c2\" data-element_type=\"widget\" data-e-type=\"widget\" data-widget_type=\"hfe-infocard.default\">\n\t\t\t\t<div class=\"elementor-widget-container\">\n\t\t\t\t\t\n\t\t<div class=\"hfe-infocard\">\n\t\t\t\t\t\t\t\t\t<div class=\"hfe-infocard-text-wrap\">\n\t\t\t\t<div class=\"hfe-infocard-text elementor-inline-editing\" data-elementor-setting-key=\"infocard_description\" data-elementor-inline-editing-toolbar=\"advanced\">\n\t\t\t\t\t\t\t\t\t<\/div>\n\t\t\t\t\t\t\t<\/div>\n\t\t<\/div>\n\n\t\t\t\t\t\t<\/div>\n\t\t\t\t<\/div>\n\t\t\t\t<\/div>\n\t\t\t\t\t<\/div>\n\t\t\t\t<\/div>\n\t\t<div class=\"elementor-element elementor-element-5ce4035 e-flex e-con-boxed e-con e-parent\" data-id=\"5ce4035\" data-element_type=\"container\" data-e-type=\"container\">\n\t\t\t\t\t<div class=\"e-con-inner\">\n\t\t<div class=\"elementor-element elementor-element-a722f70 e-con-full e-flex e-con e-child\" data-id=\"a722f70\" data-element_type=\"container\" data-e-type=\"container\">\n\t\t\t\t<div class=\"elementor-element elementor-element-07df97f elementor-widget elementor-widget-image\" data-id=\"07df97f\" data-element_type=\"widget\" data-e-type=\"widget\" data-widget_type=\"image.default\">\n\t\t\t\t<div class=\"elementor-widget-container\">\n\t\t\t\t\t\t\t\t\t\t\t\t\t\t\t<img decoding=\"async\" width=\"800\" height=\"800\" src=\"https:\/\/suboticagas.co.rs\/wp-content\/uploads\/2026\/03\/1.jpg\" class=\"attachment-large size-large wp-image-1687\" alt=\"1\" srcset=\"https:\/\/suboticagas.co.rs\/wp-content\/uploads\/2026\/03\/1.jpg 800w, https:\/\/suboticagas.co.rs\/wp-content\/uploads\/2026\/03\/1-300x300.jpg 300w, https:\/\/suboticagas.co.rs\/wp-content\/uploads\/2026\/03\/1-150x150.jpg 150w, https:\/\/suboticagas.co.rs\/wp-content\/uploads\/2026\/03\/1-768x768.jpg 768w\" sizes=\"(max-width: 800px) 100vw, 800px\" title=\"K\u00fcldet\u00e9s \u00e9s j\u00f6v\u0151k\u00e9p\">\t\t\t\t\t\t\t\t\t\t\t\t\t\t\t<\/div>\n\t\t\t\t<\/div>\n\t\t\t\t<div class=\"elementor-element elementor-element-039e3e2 elementor-widget elementor-widget-hfe-infocard\" data-id=\"039e3e2\" data-element_type=\"widget\" data-e-type=\"widget\" data-widget_type=\"hfe-infocard.default\">\n\t\t\t\t<div class=\"elementor-widget-container\">\n\t\t\t\t\t\n\t\t<div class=\"hfe-infocard\">\n\t\t\t\t\t\t\t\t\t<div class=\"hfe-infocard-text-wrap\">\n\t\t\t\t<div class=\"hfe-infocard-text elementor-inline-editing\" data-elementor-setting-key=\"infocard_description\" data-elementor-inline-editing-toolbar=\"advanced\">\n\t\t\t\t\t\t\t\t\t<\/div>\n\t\t\t\t\t\t\t<\/div>\n\t\t<\/div>\n\n\t\t\t\t\t\t<\/div>\n\t\t\t\t<\/div>\n\t\t\t\t<\/div>\n\t\t<div class=\"elementor-element elementor-element-78f6d94 e-con-full e-flex e-con e-child\" data-id=\"78f6d94\" data-element_type=\"container\" data-e-type=\"container\">\n\t\t\t\t<div class=\"elementor-element elementor-element-4befabd elementor-widget elementor-widget-image\" data-id=\"4befabd\" data-element_type=\"widget\" data-e-type=\"widget\" data-widget_type=\"image.default\">\n\t\t\t\t<div class=\"elementor-widget-container\">\n\t\t\t\t\t\t\t\t\t\t\t\t\t\t\t<img loading=\"lazy\" decoding=\"async\" width=\"800\" height=\"800\" src=\"https:\/\/suboticagas.co.rs\/wp-content\/uploads\/2026\/03\/7.jpg\" class=\"attachment-large size-large wp-image-1693\" alt=\"7\" srcset=\"https:\/\/suboticagas.co.rs\/wp-content\/uploads\/2026\/03\/7.jpg 800w, https:\/\/suboticagas.co.rs\/wp-content\/uploads\/2026\/03\/7-300x300.jpg 300w, https:\/\/suboticagas.co.rs\/wp-content\/uploads\/2026\/03\/7-150x150.jpg 150w, https:\/\/suboticagas.co.rs\/wp-content\/uploads\/2026\/03\/7-768x768.jpg 768w\" sizes=\"(max-width: 800px) 100vw, 800px\" title=\"K\u00fcldet\u00e9s \u00e9s j\u00f6v\u0151k\u00e9p\">\t\t\t\t\t\t\t\t\t\t\t\t\t\t\t<\/div>\n\t\t\t\t<\/div>\n\t\t\t\t<div class=\"elementor-element elementor-element-e8f64fa elementor-widget elementor-widget-hfe-infocard\" data-id=\"e8f64fa\" data-element_type=\"widget\" data-e-type=\"widget\" data-widget_type=\"hfe-infocard.default\">\n\t\t\t\t<div class=\"elementor-widget-container\">\n\t\t\t\t\t\n\t\t<div class=\"hfe-infocard\">\n\t\t\t\t\t\t\t\t\t<div class=\"hfe-infocard-text-wrap\">\n\t\t\t\t<div class=\"hfe-infocard-text elementor-inline-editing\" data-elementor-setting-key=\"infocard_description\" data-elementor-inline-editing-toolbar=\"advanced\">\n\t\t\t\t\t\t\t\t\t<\/div>\n\t\t\t\t\t\t\t<\/div>\n\t\t<\/div>\n\n\t\t\t\t\t\t<\/div>\n\t\t\t\t<\/div>\n\t\t\t\t<\/div>\n\t\t\t\t\t<\/div>\n\t\t\t\t<\/div>\n\t\t\t\t<\/div>","protected":false},"excerpt":{"rendered":"<p>Misija i vizija Misija i vizija Misija preduze\u0107a pretpostavlja kako odr\u017eavanje postoje\u0107eg tehnolo\u0161kog nivoa distributivne mre\u017ee, tako i njeno pro\u0161irenje. [&hellip;]<\/p>\n","protected":false},"author":1,"featured_media":0,"parent":0,"menu_order":0,"comment_status":"closed","ping_status":"closed","template":"","meta":{"site-sidebar-layout":"no-sidebar","site-content-layout":"page-builder","ast-site-content-layout":"full-width-container","site-content-style":"unboxed","site-sidebar-style":"unboxed","ast-global-header-display":"","ast-banner-title-visibility":"","ast-main-header-display":"","ast-hfb-above-header-display":"","ast-hfb-below-header-display":"","ast-hfb-mobile-header-display":"","site-post-title":"disabled","ast-breadcrumbs-content":"","ast-featured-img":"disabled","footer-sml-layout":"","ast-disable-related-posts":"","theme-transparent-header-meta":"enabled","adv-header-id-meta":"","stick-header-meta":"","header-above-stick-meta":"","header-main-stick-meta":"","header-below-stick-meta":"","astra-migrate-meta-layouts":"set","ast-page-background-enabled":"default","ast-page-background-meta":{"desktop":{"background-color":"","background-image":"","background-repeat":"repeat","background-position":"center center","background-size":"auto","background-attachment":"scroll","background-type":"","background-media":"","overlay-type":"","overlay-color":"","overlay-opacity":"","overlay-gradient":""},"tablet":{"background-color":"","background-image":"","background-repeat":"repeat","background-position":"center center","background-size":"auto","background-attachment":"scroll","background-type":"","background-media":"","overlay-type":"","overlay-color":"","overlay-opacity":"","overlay-gradient":""},"mobile":{"background-color":"","background-image":"","background-repeat":"repeat","background-position":"center center","background-size":"auto","background-attachment":"scroll","background-type":"","background-media":"","overlay-type":"","overlay-color":"","overlay-opacity":"","overlay-gradient":""}},"ast-content-background-meta":{"desktop":{"background-color":"var(--ast-global-color-5)","background-image":"","background-repeat":"repeat","background-position":"center center","background-size":"auto","background-attachment":"scroll","background-type":"","background-media":"","overlay-type":"","overlay-color":"","overlay-opacity":"","overlay-gradient":""},"tablet":{"background-color":"var(--ast-global-color-5)","background-image":"","background-repeat":"repeat","background-position":"center center","background-size":"auto","background-attachment":"scroll","background-type":"","background-media":"","overlay-type":"","overlay-color":"","overlay-opacity":"","overlay-gradient":""},"mobile":{"background-color":"var(--ast-global-color-5)","background-image":"","background-repeat":"repeat","background-position":"center center","background-size":"auto","background-attachment":"scroll","background-type":"","background-media":"","overlay-type":"","overlay-color":"","overlay-opacity":"","overlay-gradient":""}},"footnotes":""},"class_list":["post-5222","page","type-page","status-publish","hentry"],"_links":{"self":[{"href":"https:\/\/suboticagas.co.rs\/hun\/wp-json\/wp\/v2\/pages\/5222","targetHints":{"allow":["GET"]}}],"collection":[{"href":"https:\/\/suboticagas.co.rs\/hun\/wp-json\/wp\/v2\/pages"}],"about":[{"href":"https:\/\/suboticagas.co.rs\/hun\/wp-json\/wp\/v2\/types\/page"}],"author":[{"embeddable":true,"href":"https:\/\/suboticagas.co.rs\/hun\/wp-json\/wp\/v2\/users\/1"}],"replies":[{"embeddable":true,"href":"https:\/\/suboticagas.co.rs\/hun\/wp-json\/wp\/v2\/comments?post=5222"}],"version-history":[{"count":4,"href":"https:\/\/suboticagas.co.rs\/hun\/wp-json\/wp\/v2\/pages\/5222\/revisions"}],"predecessor-version":[{"id":5226,"href":"https:\/\/suboticagas.co.rs\/hun\/wp-json\/wp\/v2\/pages\/5222\/revisions\/5226"}],"wp:attachment":[{"href":"https:\/\/suboticagas.co.rs\/hun\/wp-json\/wp\/v2\/media?parent=5222"}],"curies":[{"name":"wp","href":"https:\/\/api.w.org\/{rel}","templated":true}]}}