{"id":541,"date":"2026-03-09T10:18:27","date_gmt":"2026-03-09T10:18:27","guid":{"rendered":"https:\/\/sub.alfasoft.rs\/about\/"},"modified":"2026-03-11T23:20:55","modified_gmt":"2026-03-11T23:20:55","slug":"%d0%be-%d0%bd%d0%b0%d0%bc%d0%b0","status":"publish","type":"page","link":"https:\/\/suboticagas.co.rs\/hun\/%d0%be-%d0%bd%d0%b0%d0%bc%d0%b0\/","title":{"rendered":"R\u00f3lunk"},"content":{"rendered":"<div data-elementor-type=\"wp-post\" data-elementor-id=\"541\" class=\"elementor elementor-541\">\n\t\t\t\t<div class=\"elementor-element elementor-element-5f02ddf e-flex e-con-boxed e-con e-parent\" data-id=\"5f02ddf\" data-element_type=\"container\" data-e-type=\"container\" data-settings=\"{&quot;background_background&quot;:&quot;classic&quot;}\">\n\t\t\t\t\t<div class=\"e-con-inner\">\n\t\t<div class=\"elementor-element elementor-element-0502d81 e-con-full e-flex e-con e-child\" data-id=\"0502d81\" data-element_type=\"container\" data-e-type=\"container\">\n\t\t\t\t<div class=\"elementor-element elementor-element-03d202b elementor-widget elementor-widget-heading\" data-id=\"03d202b\" data-element_type=\"widget\" data-e-type=\"widget\" data-widget_type=\"heading.default\">\n\t\t\t\t<div class=\"elementor-widget-container\">\n\t\t\t\t\t<h1 class=\"elementor-heading-title elementor-size-default\">R\u00f3lunk<\/h1>\t\t\t\t<\/div>\n\t\t\t\t<\/div>\n\t\t\t\t<\/div>\n\t\t\t\t\t<\/div>\n\t\t\t\t<\/div>\n\t\t<div class=\"elementor-element elementor-element-ce23579 e-flex e-con-boxed e-con e-parent\" data-id=\"ce23579\" data-element_type=\"container\" data-e-type=\"container\">\n\t\t\t\t\t<div class=\"e-con-inner\">\n\t\t<div class=\"elementor-element elementor-element-89a7aec e-con-full e-flex e-con e-child\" data-id=\"89a7aec\" data-element_type=\"container\" data-e-type=\"container\">\n\t\t\t\t<div class=\"elementor-element elementor-element-a01f0dc elementor-widget elementor-widget-heading\" data-id=\"a01f0dc\" data-element_type=\"widget\" data-e-type=\"widget\" data-widget_type=\"heading.default\">\n\t\t\t\t<div class=\"elementor-widget-container\">\n\t\t\t\t\t<h2 class=\"elementor-heading-title elementor-size-default\">Kik vagyunk mi?<\/h2>\t\t\t\t<\/div>\n\t\t\t\t<\/div>\n\t\t\t\t<div class=\"elementor-element elementor-element-c43b3dd elementor-widget-divider--view-line elementor-widget elementor-widget-divider\" data-id=\"c43b3dd\" data-element_type=\"widget\" data-e-type=\"widget\" data-widget_type=\"divider.default\">\n\t\t\t\t<div class=\"elementor-widget-container\">\n\t\t\t\t\t\t\t<div class=\"elementor-divider\">\n\t\t\t<span class=\"elementor-divider-separator\">\n\t\t\t\t\t\t<\/span>\n\t\t<\/div>\n\t\t\t\t\t\t<\/div>\n\t\t\t\t<\/div>\n\t\t\t\t<div class=\"elementor-element elementor-element-e871351 elementor-widget elementor-widget-text-editor\" data-id=\"e871351\" data-element_type=\"widget\" data-e-type=\"widget\" data-widget_type=\"text-editor.default\">\n\t\t\t\t<div class=\"elementor-widget-container\">\n\t\t\t\t\t\t\t\t\t<p>JKP \u201cSuboticagas\u201d, Subotica energetski je subjekat koji poseduje licencu za obavljanje poslova delatnosti distribucije prirodnog gasa izdatu od strane AERS od 16.02.2007. godine, pod brojem 311.01-257\/2006-L-I.<br \/>JKP \u201eSuboticagas\u201c posluje po tr\u017ei\u0161nim uslovima i u skladu sa tim ostvaruje prihod obavljaju\u0107i delatnost za koju je osnovano, \u0161to zna\u010di da se sve aktivnosti Preduze\u0107a finansiraju iz sopstvenih izvora.<\/p>\t\t\t\t\t\t\t\t<\/div>\n\t\t\t\t<\/div>\n\t\t\t\t<\/div>\n\t\t<div class=\"elementor-element elementor-element-e8e4600 e-con-full e-flex e-con e-child\" data-id=\"e8e4600\" data-element_type=\"container\" data-e-type=\"container\">\n\t\t\t\t<div class=\"elementor-element elementor-element-6060d91 elementor-widget elementor-widget-image\" data-id=\"6060d91\" data-element_type=\"widget\" data-e-type=\"widget\" data-widget_type=\"image.default\">\n\t\t\t\t<div class=\"elementor-widget-container\">\n\t\t\t\t\t\t\t\t\t\t\t\t\t\t\t<img fetchpriority=\"high\" decoding=\"async\" width=\"1280\" height=\"720\" src=\"https:\/\/suboticagas.co.rs\/wp-content\/uploads\/2026\/03\/maxresdefault.jpg\" class=\"attachment-full size-full wp-image-5171\" alt=\"maxresdefault\" srcset=\"https:\/\/suboticagas.co.rs\/wp-content\/uploads\/2026\/03\/maxresdefault.jpg 1280w, https:\/\/suboticagas.co.rs\/wp-content\/uploads\/2026\/03\/maxresdefault-300x169.jpg 300w, https:\/\/suboticagas.co.rs\/wp-content\/uploads\/2026\/03\/maxresdefault-1024x576.jpg 1024w, https:\/\/suboticagas.co.rs\/wp-content\/uploads\/2026\/03\/maxresdefault-768x432.jpg 768w\" sizes=\"(max-width: 1280px) 100vw, 1280px\" title=\"R\u00f3lunk\">\t\t\t\t\t\t\t\t\t\t\t\t\t\t\t<\/div>\n\t\t\t\t<\/div>\n\t\t\t\t<\/div>\n\t\t\t\t\t<\/div>\n\t\t\t\t<\/div>\n\t\t<div class=\"elementor-element elementor-element-204b6fe e-flex e-con-boxed e-con e-parent\" data-id=\"204b6fe\" data-element_type=\"container\" data-e-type=\"container\">\n\t\t\t\t\t<div class=\"e-con-inner\">\n\t\t\t\t<div class=\"elementor-element elementor-element-b053444 elementor-widget elementor-widget-heading\" data-id=\"b053444\" data-element_type=\"widget\" data-e-type=\"widget\" data-widget_type=\"heading.default\">\n\t\t\t\t<div class=\"elementor-widget-container\">\n\t\t\t\t\t<h2 class=\"elementor-heading-title elementor-size-default\">Karakteristike postoje\u0107eg sistema\n<\/h2>\t\t\t\t<\/div>\n\t\t\t\t<\/div>\n\t\t\t\t<div class=\"elementor-element elementor-element-7020ec2 elementor-widget elementor-widget-text-editor\" data-id=\"7020ec2\" data-element_type=\"widget\" data-e-type=\"widget\" data-widget_type=\"text-editor.default\">\n\t\t\t\t<div class=\"elementor-widget-container\">\n\t\t\t\t\t\t\t\t\t<p>Gasna distiributivna mre\u017ea snabdeva se prirodnom gasom sa transportnog sistema JP \u201cSrbijagas\u201d, pri \u010demu GMRS Subotica, predstavlja mesto primopredaje prirodnog gasa, na kojem se vr\u0161i o\u010ditavnje potro\u0161nje prirodnog gasa za grad Suboticu i to putem turbinskog mera\u010da sa korektorom.<br \/>Gasna distributivna mre\u017ea koja zapo\u010dinje od GMRS Subotica u potpunosti je izgra\u0111ena od politeilenskih cevi PE 80, SDR 11, sa radnim pritiskom od 2,5 bar. Krak gasovoda, dimenzije \u00d8 400 x 36,4 mm i \u00d8 315 x 28,7 mm povezuje GMRS Subotica sa gasnim prstenom koji opasava grad Suboticu. Gasni prsten izgra\u0111en je od polietilenskih cevi dimenzije \u00d8 250 x 22,8 mm. U sklopu gasnog prstena JKP \u201cSuboticagas\u201d poseduje i dve MRS i to MRS-3 i MRS Pali\u0107, koje predstavljaju dodatnu regulaciju radnog pritiska gasa u gasnom prstenu, kao i mesto kontrolnog merenja potro\u0161nje prirodnog gasa. Od gasnog prstena prema svim delovima grada ra\u0161irene su linijske mre\u017ee gasovoda. Gasovodi su raznih dimenzija, unificiranih dimenzija i to: \u00d8 20 x 3,0 mm (gasni priklju\u010dci), \u00d8 32 x 3,0 mm, \u00d8 63 x 5,8 mm, \u00d8 90 x 8,2 mm, \u00d8 110 x 10,0 mm i \u00d8 160 x 14,6 mm.<br \/>JKP \u201cSuboticagas\u201d poseduje standardizovane i unificirane MRS, tipa G-4 i G-6, koje se nazivaju KMRS i to: posebno za individualne objekte, a posebno za zgrade kolektivnog stanovanja. Sve MRS ve\u0107ih dimenzija izgra\u0111uju se prema projektnoj dokumentaciji u skladu sa va\u017ee\u0107im propisima. Preporuka pri izgradnji MRS je ugradnja korektora, radi preciznog obra\u010duna potro\u0161nje prirodnog gasa. Kompletna mre\u017ea poseduje ukupno 330 protivpo\u017earnih slavina, kao i 110 sekcijskih slavina, a pomo\u0107u kojih je mogu\u0107e sekcionisati gasnu distributivnu mre\u017eu u slu\u010daju poreme\u0107aja u sistemu, te usled za\u0161tite sigurnosti i bezbednosti ljudi i imovine. Navedena gasna distributivna mre\u017ea \u010dini jedinstvenu celinu.<br \/>S obzirom na radni pritisak gasne distributivne mre\u017ee, koji je manji od 6 bar (p&lt;6 bar), kupce prirodnog gasa svrstavamo u okvir \u201cKategorije 1\u201d, grupa \u201cDoma\u0107instva\u201d i grupa \u201cOstali kupci\u201d.<br \/>Zavr\u0161no sa 2013. godinom ukupna du\u017eina gasne distributivne mre\u017ee (bez izgra\u0111enih priklju\u010daka) iznosi 406 km raznih dimenzija sa ukupno 8871 potro\u0161a\u010da obe grupe.<\/p>\t\t\t\t\t\t\t\t<\/div>\n\t\t\t\t<\/div>\n\t\t\t\t\t<\/div>\n\t\t\t\t<\/div>\n\t\t\t\t<\/div>","protected":false},"excerpt":{"rendered":"<p>O nama Ko smo mi? JKP \u201cSuboticagas\u201d, Subotica energetski je subjekat koji poseduje licencu za obavljanje poslova delatnosti distribucije prirodnog [&hellip;]<\/p>\n","protected":false},"author":1,"featured_media":0,"parent":0,"menu_order":0,"comment_status":"closed","ping_status":"closed","template":"","meta":{"site-sidebar-layout":"no-sidebar","site-content-layout":"page-builder","ast-site-content-layout":"full-width-container","site-content-style":"unboxed","site-sidebar-style":"unboxed","ast-global-header-display":"","ast-banner-title-visibility":"","ast-main-header-display":"","ast-hfb-above-header-display":"","ast-hfb-below-header-display":"","ast-hfb-mobile-header-display":"","site-post-title":"disabled","ast-breadcrumbs-content":"","ast-featured-img":"disabled","footer-sml-layout":"","ast-disable-related-posts":"","theme-transparent-header-meta":"enabled","adv-header-id-meta":"","stick-header-meta":"","header-above-stick-meta":"","header-main-stick-meta":"","header-below-stick-meta":"","astra-migrate-meta-layouts":"set","ast-page-background-enabled":"default","ast-page-background-meta":{"desktop":{"background-color":"","background-image":"","background-repeat":"repeat","background-position":"center center","background-size":"auto","background-attachment":"scroll","background-type":"","background-media":"","overlay-type":"","overlay-color":"","overlay-opacity":"","overlay-gradient":""},"tablet":{"background-color":"","background-image":"","background-repeat":"repeat","background-position":"center center","background-size":"auto","background-attachment":"scroll","background-type":"","background-media":"","overlay-type":"","overlay-color":"","overlay-opacity":"","overlay-gradient":""},"mobile":{"background-color":"","background-image":"","background-repeat":"repeat","background-position":"center center","background-size":"auto","background-attachment":"scroll","background-type":"","background-media":"","overlay-type":"","overlay-color":"","overlay-opacity":"","overlay-gradient":""}},"ast-content-background-meta":{"desktop":{"background-color":"var(--ast-global-color-5)","background-image":"","background-repeat":"repeat","background-position":"center center","background-size":"auto","background-attachment":"scroll","background-type":"","background-media":"","overlay-type":"","overlay-color":"","overlay-opacity":"","overlay-gradient":""},"tablet":{"background-color":"var(--ast-global-color-5)","background-image":"","background-repeat":"repeat","background-position":"center center","background-size":"auto","background-attachment":"scroll","background-type":"","background-media":"","overlay-type":"","overlay-color":"","overlay-opacity":"","overlay-gradient":""},"mobile":{"background-color":"var(--ast-global-color-5)","background-image":"","background-repeat":"repeat","background-position":"center center","background-size":"auto","background-attachment":"scroll","background-type":"","background-media":"","overlay-type":"","overlay-color":"","overlay-opacity":"","overlay-gradient":""}},"footnotes":""},"class_list":["post-541","page","type-page","status-publish","hentry"],"_links":{"self":[{"href":"https:\/\/suboticagas.co.rs\/hun\/wp-json\/wp\/v2\/pages\/541","targetHints":{"allow":["GET"]}}],"collection":[{"href":"https:\/\/suboticagas.co.rs\/hun\/wp-json\/wp\/v2\/pages"}],"about":[{"href":"https:\/\/suboticagas.co.rs\/hun\/wp-json\/wp\/v2\/types\/page"}],"author":[{"embeddable":true,"href":"https:\/\/suboticagas.co.rs\/hun\/wp-json\/wp\/v2\/users\/1"}],"replies":[{"embeddable":true,"href":"https:\/\/suboticagas.co.rs\/hun\/wp-json\/wp\/v2\/comments?post=541"}],"version-history":[{"count":10,"href":"https:\/\/suboticagas.co.rs\/hun\/wp-json\/wp\/v2\/pages\/541\/revisions"}],"predecessor-version":[{"id":5237,"href":"https:\/\/suboticagas.co.rs\/hun\/wp-json\/wp\/v2\/pages\/541\/revisions\/5237"}],"wp:attachment":[{"href":"https:\/\/suboticagas.co.rs\/hun\/wp-json\/wp\/v2\/media?parent=541"}],"curies":[{"name":"wp","href":"https:\/\/api.w.org\/{rel}","templated":true}]}}